{"id":27,"date":"2025-12-03T10:03:45","date_gmt":"2025-12-03T10:03:45","guid":{"rendered":"https:\/\/cabinetngos.com\/?page_id=27"},"modified":"2025-12-04T15:07:12","modified_gmt":"2025-12-04T15:07:12","slug":"droit-immobilier","status":"publish","type":"page","link":"https:\/\/cabinetngos.com\/index.php\/droit-immobilier\/","title":{"rendered":"Droit immobilier"},"content":{"rendered":"\t\t<div data-elementor-type=\"wp-page\" data-elementor-id=\"27\" class=\"elementor elementor-27\">\n\t\t\t\t<div class=\"elementor-element elementor-element-b0a3d3c e-con-full e-flex e-con e-parent\" data-id=\"b0a3d3c\" data-element_type=\"container\" data-e-type=\"container\" data-settings=\"{&quot;background_background&quot;:&quot;classic&quot;}\">\n\t\t\t\t<div class=\"elementor-element elementor-element-ba8befe elementor-widget elementor-widget-heading\" data-id=\"ba8befe\" data-element_type=\"widget\" data-e-type=\"widget\" data-widget_type=\"heading.default\">\n\t\t\t\t\t<h2 class=\"elementor-heading-title elementor-size-default\">Avocat en Droit Immobilier \u2013 Assistance Juridique Fiable pour les Affaires Immobili\u00e8res<\/h2>\t\t\t\t<\/div>\n\t\t\t\t<\/div>\n\t\t<div class=\"elementor-element elementor-element-cb812db e-flex e-con-boxed e-con e-parent\" data-id=\"cb812db\" data-element_type=\"container\" data-e-type=\"container\" data-settings=\"{&quot;background_background&quot;:&quot;classic&quot;}\">\n\t\t\t\t\t<div class=\"e-con-inner\">\n\t\t\t\t<div class=\"elementor-element elementor-element-ce2b541 elementor-widget elementor-widget-heading\" data-id=\"ce2b541\" data-element_type=\"widget\" data-e-type=\"widget\" data-widget_type=\"heading.default\">\n\t\t\t\t\t<h2 class=\"elementor-heading-title elementor-size-default\">Services de Conseil Juridique en Droit Immobilier<\/h2>\t\t\t\t<\/div>\n\t\t\t\t<div class=\"elementor-element elementor-element-6cf0ead elementor-widget elementor-widget-text-editor\" data-id=\"6cf0ead\" data-element_type=\"widget\" data-e-type=\"widget\" data-widget_type=\"text-editor.default\">\n\t\t\t\t\t\t\t\t\t<p data-start=\"348\" data-end=\"788\">Parmi les secteurs les plus dynamiques et lucratifs, l\u2019immobilier attire d\u00e9veloppeurs, investisseurs et propri\u00e9taires du monde entier. La complexit\u00e9 juridique des <strong data-start=\"294\" data-end=\"378\">transactions immobili\u00e8res, du d\u00e9veloppement de biens et du r\u00e8glement des litiges<\/strong> n\u00e9cessite des conseils exp\u00e9riment\u00e9s. Chez <strong data-start=\"421\" data-end=\"446\">DN ASSOCIATES AVOCATS<\/strong>, nous offrons des <strong data-start=\"465\" data-end=\"517\">services juridiques complets en droit immobilier<\/strong>, garantissant la satisfaction de nos clients gr\u00e2ce \u00e0 notre expertise et notre accompagnement personnalis\u00e9. Notre cabinet figure parmi les <strong data-start=\"656\" data-end=\"716\">avocats en droit immobilier les plus fiables au Cameroun<\/strong>.<\/p>\t\t\t\t\t\t\t\t<\/div>\n\t\t\t\t<div class=\"elementor-element elementor-element-33ac5d2 elementor-align-center elementor-widget elementor-widget-button\" data-id=\"33ac5d2\" data-element_type=\"widget\" data-e-type=\"widget\" data-widget_type=\"button.default\">\n\t\t\t\t\t\t\t\t\t\t<a class=\"elementor-button elementor-button-link elementor-size-sm\" href=\"https:\/\/cabinetngos.com\/index.php\/contactez-nous\/\">\n\t\t\t\t\t\t<span class=\"elementor-button-content-wrapper\">\n\t\t\t\t\t\t\t\t\t<span class=\"elementor-button-text\">Appelez-nous maintenant<\/span>\n\t\t\t\t\t<\/span>\n\t\t\t\t\t<\/a>\n\t\t\t\t\t\t\t\t<\/div>\n\t\t\t\t\t<\/div>\n\t\t\t\t<\/div>\n\t\t<div class=\"elementor-element elementor-element-d2c1f52 e-con-full e-flex e-con e-parent\" data-id=\"d2c1f52\" data-element_type=\"container\" data-e-type=\"container\" data-settings=\"{&quot;background_background&quot;:&quot;classic&quot;}\">\n\t\t<div class=\"elementor-element elementor-element-29c638c e-grid e-con-boxed e-con e-child\" data-id=\"29c638c\" data-element_type=\"container\" data-e-type=\"container\">\n\t\t\t\t\t<div class=\"e-con-inner\">\n\t\t\t\t<div class=\"elementor-element elementor-element-87db4cf elementor-widget elementor-widget-image\" data-id=\"87db4cf\" data-element_type=\"widget\" data-e-type=\"widget\" data-widget_type=\"image.default\">\n\t\t\t\t\t\t\t\t\t\t\t\t\t\t\t<img fetchpriority=\"high\" decoding=\"async\" width=\"768\" height=\"768\" src=\"https:\/\/cabinetngos.com\/wp-content\/uploads\/2025\/12\/Add-a-heading-23-1024x1024-1-768x768.webp\" class=\"attachment-medium_large size-medium_large wp-image-598\" alt=\"\" srcset=\"https:\/\/cabinetngos.com\/wp-content\/uploads\/2025\/12\/Add-a-heading-23-1024x1024-1-768x768.webp 768w, https:\/\/cabinetngos.com\/wp-content\/uploads\/2025\/12\/Add-a-heading-23-1024x1024-1-300x300.webp 300w, https:\/\/cabinetngos.com\/wp-content\/uploads\/2025\/12\/Add-a-heading-23-1024x1024-1-150x150.webp 150w, https:\/\/cabinetngos.com\/wp-content\/uploads\/2025\/12\/Add-a-heading-23-1024x1024-1-600x600.webp 600w, https:\/\/cabinetngos.com\/wp-content\/uploads\/2025\/12\/Add-a-heading-23-1024x1024-1.webp 1024w\" sizes=\"(max-width: 768px) 100vw, 768px\" \/>\t\t\t\t\t\t\t\t\t\t\t\t\t\t\t<\/div>\n\t\t<div class=\"elementor-element elementor-element-fc68a2a e-con-full e-flex e-con e-child\" data-id=\"fc68a2a\" data-element_type=\"container\" data-e-type=\"container\">\n\t\t\t\t<div class=\"elementor-element elementor-element-6bee142 elementor-widget elementor-widget-heading\" data-id=\"6bee142\" data-element_type=\"widget\" data-e-type=\"widget\" data-widget_type=\"heading.default\">\n\t\t\t\t\t<h2 class=\"elementor-heading-title elementor-size-default\">Pourquoi la ma\u00eetrise du droit immobilier est-elle cruciale au Cameroun\u202f?<\/h2>\t\t\t\t<\/div>\n\t\t\t\t<div class=\"elementor-element elementor-element-d7c7ee8 elementor-widget elementor-widget-text-editor\" data-id=\"d7c7ee8\" data-element_type=\"widget\" data-e-type=\"widget\" data-widget_type=\"text-editor.default\">\n\t\t\t\t\t\t\t\t\t<p data-start=\"111\" data-end=\"848\">Au Cameroun, le secteur immobilier est encadr\u00e9 par un <strong data-start=\"165\" data-end=\"192\">cadre l\u00e9gislatif solide<\/strong> visant \u00e0 prot\u00e9ger les droits de tous, y compris ceux des acteurs du march\u00e9 immobilier. Les lois immobili\u00e8res garantissent <strong data-start=\"315\" data-end=\"353\">transparence, conformit\u00e9 et \u00e9quit\u00e9<\/strong>, que ce soit pour les contrats de location, l\u2019acquisition de biens ou le r\u00e8glement des litiges. Cependant, le paysage juridique peut \u00eatre complexe, surtout pour ceux qui ne sont pas familiers avec les r\u00e9glementations locales. Une <strong data-start=\"584\" data-end=\"692\">bonne navigation de cette complexit\u00e9 n\u00e9cessite l\u2019intervention d\u2019un avocat sp\u00e9cialis\u00e9 en droit immobilier<\/strong>. Que vous achetiez, vendiez, louiez ou d\u00e9veloppiez un bien immobilier, notre \u00e9quipe d\u2019avocats exp\u00e9riment\u00e9s veille \u00e0 <strong data-start=\"809\" data-end=\"845\">prot\u00e9ger pleinement vos int\u00e9r\u00eats<\/strong>.<\/p>\t\t\t\t\t\t\t\t<\/div>\n\t\t\t\t<\/div>\n\t\t\t\t\t<\/div>\n\t\t\t\t<\/div>\n\t\t\t\t<\/div>\n\t\t<div class=\"elementor-element elementor-element-1e82969 e-con-full e-flex e-con e-parent\" data-id=\"1e82969\" data-element_type=\"container\" data-e-type=\"container\">\n\t\t\t\t<div class=\"elementor-element elementor-element-0173f9d elementor-widget elementor-widget-heading\" data-id=\"0173f9d\" data-element_type=\"widget\" data-e-type=\"widget\" data-widget_type=\"heading.default\">\n\t\t\t\t\t<h2 class=\"elementor-heading-title elementor-size-default\">Nos Services de Conseil en Droit Immobilier<\/h2>\t\t\t\t<\/div>\n\t\t\t\t<div class=\"elementor-element elementor-element-76c628d elementor-widget elementor-widget-text-editor\" data-id=\"76c628d\" data-element_type=\"widget\" data-e-type=\"widget\" data-widget_type=\"text-editor.default\">\n\t\t\t\t\t\t\t\t\t<p data-start=\"229\" data-end=\"378\">Nous offrons une <strong data-start=\"143\" data-end=\"184\">gamme compl\u00e8te de services juridiques<\/strong> pour r\u00e9pondre \u00e0 vos besoins vari\u00e9s. Nos services comprennent\u202f:<\/p>\t\t\t\t\t\t\t\t<\/div>\n\t\t<div class=\"elementor-element elementor-element-aba85fb e-grid e-con-full e-con e-child\" data-id=\"aba85fb\" data-element_type=\"container\" data-e-type=\"container\">\n\t\t<div class=\"elementor-element elementor-element-a22552f e-con-full e-flex e-con e-child\" data-id=\"a22552f\" data-element_type=\"container\" data-e-type=\"container\" data-settings=\"{&quot;background_background&quot;:&quot;classic&quot;}\">\n\t\t\t\t<div class=\"elementor-element elementor-element-dda6f7a elementor-widget elementor-widget-heading\" data-id=\"dda6f7a\" data-element_type=\"widget\" data-e-type=\"widget\" data-widget_type=\"heading.default\">\n\t\t\t\t\t<h2 class=\"elementor-heading-title elementor-size-default\">Vente et Achat de Biens Immobiliers<\/h2>\t\t\t\t<\/div>\n\t\t\t\t<div class=\"elementor-element elementor-element-dd6dd94 elementor-widget elementor-widget-text-editor\" data-id=\"dd6dd94\" data-element_type=\"widget\" data-e-type=\"widget\" data-widget_type=\"text-editor.default\">\n\t\t\t\t\t\t\t\t\t<p data-start=\"158\" data-end=\"335\">Acheter ou vendre un bien immobilier au Cameroun n\u00e9cessite le respect de <strong data-start=\"231\" data-end=\"278\">proc\u00e9dures strictes et encadr\u00e9es l\u00e9galement<\/strong> afin de minimiser les risques. Nos services incluent\u202f:<\/p><ul data-start=\"337\" data-end=\"750\"><li data-start=\"337\" data-end=\"565\"><p data-start=\"339\" data-end=\"565\"><strong data-start=\"339\" data-end=\"398\">Assistance \u00e0 l\u2019achat et \u00e0 la vente de biens immobiliers<\/strong> : Nous vous accompagnons tout au long du processus pour garantir la <strong data-start=\"467\" data-end=\"498\">conformit\u00e9 aux lois locales<\/strong>, que vous achetiez un logement, un bureau ou un bien commercial.<\/p><\/li><li data-start=\"566\" data-end=\"750\"><p data-start=\"568\" data-end=\"750\"><strong data-start=\"568\" data-end=\"610\">R\u00e9daction et v\u00e9rification des contrats<\/strong> : Les contrats de vente et d\u2019achat sont pr\u00e9par\u00e9s et examin\u00e9s pour \u00eatre juridiquement solides, prot\u00e9ger vos droits et r\u00e9duire les risques.<\/p><\/li><\/ul>\t\t\t\t\t\t\t\t<\/div>\n\t\t\t\t<\/div>\n\t\t<div class=\"elementor-element elementor-element-d17847a e-con-full e-flex e-con e-child\" data-id=\"d17847a\" data-element_type=\"container\" data-e-type=\"container\" data-settings=\"{&quot;background_background&quot;:&quot;classic&quot;}\">\n\t\t\t\t<div class=\"elementor-element elementor-element-63fe8cd elementor-widget elementor-widget-heading\" data-id=\"63fe8cd\" data-element_type=\"widget\" data-e-type=\"widget\" data-widget_type=\"heading.default\">\n\t\t\t\t\t<h2 class=\"elementor-heading-title elementor-size-default\">Baux et Contrats de Location<\/h2>\t\t\t\t<\/div>\n\t\t\t\t<div class=\"elementor-element elementor-element-01de776 elementor-widget elementor-widget-text-editor\" data-id=\"01de776\" data-element_type=\"widget\" data-e-type=\"widget\" data-widget_type=\"text-editor.default\">\n\t\t\t\t\t\t\t\t\t<p data-start=\"151\" data-end=\"283\">Dans l\u2019immobilier, les <strong data-start=\"174\" data-end=\"198\">contrats de location<\/strong> sont essentiels, que vous soyez locataire ou propri\u00e9taire. Nos services incluent\u202f:<\/p><ul data-start=\"285\" data-end=\"525\"><li data-start=\"285\" data-end=\"369\"><p data-start=\"287\" data-end=\"369\"><strong data-start=\"287\" data-end=\"310\">N\u00e9gociation de baux<\/strong> : Des conditions bien choisies pour prot\u00e9ger vos droits.<\/p><\/li><li data-start=\"370\" data-end=\"525\"><p data-start=\"372\" data-end=\"525\"><strong data-start=\"372\" data-end=\"405\">R\u00e9daction de baux commerciaux<\/strong> : Cr\u00e9ation de contrats adapt\u00e9s aux besoins sp\u00e9cifiques de chaque client et conformes aux <strong data-start=\"495\" data-end=\"522\">r\u00e9glementations locales<\/strong>.<\/p><\/li><\/ul>\t\t\t\t\t\t\t\t<\/div>\n\t\t\t\t<\/div>\n\t\t<div class=\"elementor-element elementor-element-cd70df5 e-con-full e-flex e-con e-child\" data-id=\"cd70df5\" data-element_type=\"container\" data-e-type=\"container\" data-settings=\"{&quot;background_background&quot;:&quot;classic&quot;}\">\n\t\t\t\t<div class=\"elementor-element elementor-element-c93ff20 elementor-widget elementor-widget-heading\" data-id=\"c93ff20\" data-element_type=\"widget\" data-e-type=\"widget\" data-widget_type=\"heading.default\">\n\t\t\t\t\t<h2 class=\"elementor-heading-title elementor-size-default\">D\u00e9veloppement Immobilier<\/h2>\t\t\t\t<\/div>\n\t\t\t\t<div class=\"elementor-element elementor-element-5fff28b elementor-widget elementor-widget-text-editor\" data-id=\"5fff28b\" data-element_type=\"widget\" data-e-type=\"widget\" data-widget_type=\"text-editor.default\">\n\t\t\t\t\t\t\t\t\t<p data-start=\"130\" data-end=\"281\">Le <strong data-start=\"133\" data-end=\"161\">d\u00e9veloppement immobilier<\/strong> au Cameroun n\u00e9cessite de naviguer dans des <strong data-start=\"205\" data-end=\"254\">proc\u00e9dures l\u00e9gales et d\u2019approbation complexes<\/strong>. Nos services incluent\u202f:<\/p><ul data-start=\"283\" data-end=\"615\"><li data-start=\"283\" data-end=\"471\"><p data-start=\"285\" data-end=\"471\"><strong data-start=\"285\" data-end=\"329\">Conseil juridique en urbanisme et permis<\/strong> : Accompagnement depuis la conception initiale jusqu\u2019\u00e0 l\u2019ach\u00e8vement du projet, en veillant \u00e0 la <strong data-start=\"426\" data-end=\"468\">conformit\u00e9 aux r\u00e9glementations locales<\/strong>.<\/p><\/li><li data-start=\"472\" data-end=\"615\"><p data-start=\"474\" data-end=\"615\"><strong data-start=\"474\" data-end=\"524\">Pr\u00e9vention et gestion des probl\u00e8mes juridiques<\/strong> : Identification pr\u00e9coce des risques pour garantir la bonne progression de votre projet.<\/p><\/li><\/ul>\t\t\t\t\t\t\t\t<\/div>\n\t\t\t\t<\/div>\n\t\t<div class=\"elementor-element elementor-element-56fe7d8 e-con-full e-flex e-con e-child\" data-id=\"56fe7d8\" data-element_type=\"container\" data-e-type=\"container\" data-settings=\"{&quot;background_background&quot;:&quot;classic&quot;}\">\n\t\t\t\t<div class=\"elementor-element elementor-element-9f099d2 elementor-widget elementor-widget-heading\" data-id=\"9f099d2\" data-element_type=\"widget\" data-e-type=\"widget\" data-widget_type=\"heading.default\">\n\t\t\t\t\t<h2 class=\"elementor-heading-title elementor-size-default\">Contentieux Immobilier<\/h2>\t\t\t\t<\/div>\n\t\t\t\t<div class=\"elementor-element elementor-element-4c4a8b0 elementor-widget elementor-widget-text-editor\" data-id=\"4c4a8b0\" data-element_type=\"widget\" data-e-type=\"widget\" data-widget_type=\"text-editor.default\">\n\t\t\t\t\t\t\t\t\t<p data-start=\"128\" data-end=\"327\">Les probl\u00e8mes tels que les litiges de construction, les conflits avec les locataires ou les questions de propri\u00e9t\u00e9 fonci\u00e8re peuvent entra\u00eener des <strong data-start=\"274\" data-end=\"300\">diff\u00e9rends immobiliers<\/strong>. Nos services incluent\u202f:<\/p><ul data-start=\"329\" data-end=\"623\"><li data-start=\"329\" data-end=\"512\"><p data-start=\"331\" data-end=\"512\"><strong data-start=\"331\" data-end=\"370\">M\u00e9diation et contentieux immobilier<\/strong> : Nous traitons rapidement et efficacement les litiges, que ce soit par <strong data-start=\"443\" data-end=\"466\">n\u00e9gociation amiable<\/strong> ou <strong data-start=\"470\" data-end=\"509\">repr\u00e9sentation devant les tribunaux<\/strong>.<\/p><\/li><li data-start=\"513\" data-end=\"623\"><p data-start=\"515\" data-end=\"623\"><strong data-start=\"515\" data-end=\"551\">Expertise en gestion immobili\u00e8re<\/strong> : Notre exp\u00e9rience garantit \u00e0 nos clients des <strong data-start=\"598\" data-end=\"620\">r\u00e9sultats optimaux<\/strong>.<\/p><\/li><\/ul>\t\t\t\t\t\t\t\t<\/div>\n\t\t\t\t<\/div>\n\t\t\t\t<\/div>\n\t\t\t\t<\/div>\n\t\t\t\t<\/div>\n\t\t","protected":false},"excerpt":{"rendered":"<p>Avocat en Droit Immobilier \u2013 Assistance Juridique Fiable pour les Affaires Immobili\u00e8res Services de Conseil Juridique en Droit Immobilier Parmi les secteurs les plus dynamiques et lucratifs, l\u2019immobilier attire d\u00e9veloppeurs, investisseurs et propri\u00e9taires du monde entier. La complexit\u00e9 juridique des transactions immobili\u00e8res, du d\u00e9veloppement de biens et du r\u00e8glement des litiges n\u00e9cessite des conseils exp\u00e9riment\u00e9s. [&hellip;]<\/p>\n","protected":false},"author":1,"featured_media":0,"parent":0,"menu_order":0,"comment_status":"closed","ping_status":"closed","template":"","meta":{"ocean_post_layout":"full-screen","ocean_both_sidebars_style":"","ocean_both_sidebars_content_width":0,"ocean_both_sidebars_sidebars_width":0,"ocean_sidebar":"","ocean_second_sidebar":"","ocean_disable_margins":"enable","ocean_add_body_class":"","ocean_shortcode_before_top_bar":"","ocean_shortcode_after_top_bar":"","ocean_shortcode_before_header":"","ocean_shortcode_after_header":"","ocean_has_shortcode":"","ocean_shortcode_after_title":"","ocean_shortcode_before_footer_widgets":"","ocean_shortcode_after_footer_widgets":"","ocean_shortcode_before_footer_bottom":"","ocean_shortcode_after_footer_bottom":"","ocean_display_top_bar":"default","ocean_display_header":"default","ocean_header_style":"","ocean_center_header_left_menu":"","ocean_custom_header_template":"","ocean_custom_logo":0,"ocean_custom_retina_logo":0,"ocean_custom_logo_max_width":0,"ocean_custom_logo_tablet_max_width":0,"ocean_custom_logo_mobile_max_width":0,"ocean_custom_logo_max_height":0,"ocean_custom_logo_tablet_max_height":0,"ocean_custom_logo_mobile_max_height":0,"ocean_header_custom_menu":"","ocean_menu_typo_font_family":"","ocean_menu_typo_font_subset":"","ocean_menu_typo_font_size":0,"ocean_menu_typo_font_size_tablet":0,"ocean_menu_typo_font_size_mobile":0,"ocean_menu_typo_font_size_unit":"px","ocean_menu_typo_font_weight":"","ocean_menu_typo_font_weight_tablet":"","ocean_menu_typo_font_weight_mobile":"","ocean_menu_typo_transform":"","ocean_menu_typo_transform_tablet":"","ocean_menu_typo_transform_mobile":"","ocean_menu_typo_line_height":0,"ocean_menu_typo_line_height_tablet":0,"ocean_menu_typo_line_height_mobile":0,"ocean_menu_typo_line_height_unit":"","ocean_menu_typo_spacing":0,"ocean_menu_typo_spacing_tablet":0,"ocean_menu_typo_spacing_mobile":0,"ocean_menu_typo_spacing_unit":"","ocean_menu_link_color":"","ocean_menu_link_color_hover":"","ocean_menu_link_color_active":"","ocean_menu_link_background":"","ocean_menu_link_hover_background":"","ocean_menu_link_active_background":"","ocean_menu_social_links_bg":"","ocean_menu_social_hover_links_bg":"","ocean_menu_social_links_color":"","ocean_menu_social_hover_links_color":"","ocean_disable_title":"on","ocean_disable_heading":"default","ocean_post_title":"","ocean_post_subheading":"","ocean_post_title_style":"","ocean_post_title_background_color":"","ocean_post_title_background":0,"ocean_post_title_bg_image_position":"","ocean_post_title_bg_image_attachment":"","ocean_post_title_bg_image_repeat":"","ocean_post_title_bg_image_size":"","ocean_post_title_height":0,"ocean_post_title_bg_overlay":0.5,"ocean_post_title_bg_overlay_color":"","ocean_disable_breadcrumbs":"default","ocean_breadcrumbs_color":"","ocean_breadcrumbs_separator_color":"","ocean_breadcrumbs_links_color":"","ocean_breadcrumbs_links_hover_color":"","ocean_display_footer_widgets":"default","ocean_display_footer_bottom":"default","ocean_custom_footer_template":"","footnotes":""},"class_list":["post-27","page","type-page","status-publish","hentry","entry"],"_links":{"self":[{"href":"https:\/\/cabinetngos.com\/index.php\/wp-json\/wp\/v2\/pages\/27","targetHints":{"allow":["GET"]}}],"collection":[{"href":"https:\/\/cabinetngos.com\/index.php\/wp-json\/wp\/v2\/pages"}],"about":[{"href":"https:\/\/cabinetngos.com\/index.php\/wp-json\/wp\/v2\/types\/page"}],"author":[{"embeddable":true,"href":"https:\/\/cabinetngos.com\/index.php\/wp-json\/wp\/v2\/users\/1"}],"replies":[{"embeddable":true,"href":"https:\/\/cabinetngos.com\/index.php\/wp-json\/wp\/v2\/comments?post=27"}],"version-history":[{"count":44,"href":"https:\/\/cabinetngos.com\/index.php\/wp-json\/wp\/v2\/pages\/27\/revisions"}],"predecessor-version":[{"id":800,"href":"https:\/\/cabinetngos.com\/index.php\/wp-json\/wp\/v2\/pages\/27\/revisions\/800"}],"wp:attachment":[{"href":"https:\/\/cabinetngos.com\/index.php\/wp-json\/wp\/v2\/media?parent=27"}],"curies":[{"name":"wp","href":"https:\/\/api.w.org\/{rel}","templated":true}]}}