{"id":23,"date":"2025-12-03T10:02:54","date_gmt":"2025-12-03T10:02:54","guid":{"rendered":"https:\/\/cabinetngos.com\/?page_id=23"},"modified":"2025-12-04T15:02:18","modified_gmt":"2025-12-04T15:02:18","slug":"droit-des-contrats","status":"publish","type":"page","link":"https:\/\/cabinetngos.com\/index.php\/droit-des-contrats\/","title":{"rendered":"Droit des contrats"},"content":{"rendered":"\t\t<div data-elementor-type=\"wp-page\" data-elementor-id=\"23\" class=\"elementor elementor-23\">\n\t\t\t\t<div class=\"elementor-element elementor-element-06fd4ce e-con-full e-flex e-con e-parent\" data-id=\"06fd4ce\" data-element_type=\"container\" data-e-type=\"container\" data-settings=\"{&quot;background_background&quot;:&quot;classic&quot;}\">\n\t\t\t\t<div class=\"elementor-element elementor-element-759fd5c elementor-widget elementor-widget-heading\" data-id=\"759fd5c\" data-element_type=\"widget\" data-e-type=\"widget\" data-widget_type=\"heading.default\">\n\t\t\t\t\t<h2 class=\"elementor-heading-title elementor-size-default\">Avocats de Confiance en Droit des Contrats au Cameroun \u2013 Expertise Juridique dans Tous les Contrats<\/h2>\t\t\t\t<\/div>\n\t\t\t\t<\/div>\n\t\t<div class=\"elementor-element elementor-element-154ba5a e-flex e-con-boxed e-con e-parent\" data-id=\"154ba5a\" data-element_type=\"container\" data-e-type=\"container\" data-settings=\"{&quot;background_background&quot;:&quot;classic&quot;}\">\n\t\t\t\t\t<div class=\"e-con-inner\">\n\t\t\t\t<div class=\"elementor-element elementor-element-f1d9fcd elementor-widget elementor-widget-heading\" data-id=\"f1d9fcd\" data-element_type=\"widget\" data-e-type=\"widget\" data-widget_type=\"heading.default\">\n\t\t\t\t\t<h2 class=\"elementor-heading-title elementor-size-default\">DN ASSOCIATES AVOCATS \u2013 Avocat en Droit des Contrats : Conseil Juridique &amp; Droit Contractuel<\/h2>\t\t\t\t<\/div>\n\t\t\t\t<div class=\"elementor-element elementor-element-60bbff0 elementor-widget elementor-widget-text-editor\" data-id=\"60bbff0\" data-element_type=\"widget\" data-e-type=\"widget\" data-widget_type=\"text-editor.default\">\n\t\t\t\t\t\t\t\t\t<p data-start=\"219\" data-end=\"512\">Un contrat constitue presque toujours la base des transactions personnelles, commerciales et internationales. Que vous r\u00e9digiez un contrat de prestation de services, une licence de cr\u00e9ation ou un accord de partenariat, un contrat bien r\u00e9dig\u00e9 garantit les droits et responsabilit\u00e9s de chacun.<br \/>Chez <strong data-start=\"519\" data-end=\"544\">DN ASSOCIATES AVOCATS<\/strong>, nous offrons des services complets en droit des contrats, incluant l\u2019expertise en contrats commerciaux, adapt\u00e9s \u00e0 vos besoins sp\u00e9cifiques. De la r\u00e9daction et de la n\u00e9gociation \u00e0 la r\u00e9solution des litiges, nos avocats sp\u00e9cialis\u00e9s en droit des contrats au Cameroun sont pr\u00eats \u00e0 vous accompagner \u00e0 chaque \u00e9tape du processus.<\/p>\t\t\t\t\t\t\t\t<\/div>\n\t\t\t\t<div class=\"elementor-element elementor-element-fc8b32d elementor-align-center elementor-widget elementor-widget-button\" data-id=\"fc8b32d\" data-element_type=\"widget\" data-e-type=\"widget\" data-widget_type=\"button.default\">\n\t\t\t\t\t\t\t\t\t\t<a class=\"elementor-button elementor-button-link elementor-size-sm\" href=\"https:\/\/cabinetngos.com\/index.php\/contactez-nous\/\">\n\t\t\t\t\t\t<span class=\"elementor-button-content-wrapper\">\n\t\t\t\t\t\t\t\t\t<span class=\"elementor-button-text\">Appelez-nous maintenant<\/span>\n\t\t\t\t\t<\/span>\n\t\t\t\t\t<\/a>\n\t\t\t\t\t\t\t\t<\/div>\n\t\t\t\t\t<\/div>\n\t\t\t\t<\/div>\n\t\t<div class=\"elementor-element elementor-element-da07382 e-con-full e-flex e-con e-parent\" data-id=\"da07382\" data-element_type=\"container\" data-e-type=\"container\" data-settings=\"{&quot;background_background&quot;:&quot;classic&quot;}\">\n\t\t<div class=\"elementor-element elementor-element-504e458 e-grid e-con-boxed e-con e-child\" data-id=\"504e458\" data-element_type=\"container\" data-e-type=\"container\">\n\t\t\t\t\t<div class=\"e-con-inner\">\n\t\t\t\t<div class=\"elementor-element elementor-element-b4fc927 elementor-widget elementor-widget-image\" data-id=\"b4fc927\" data-element_type=\"widget\" data-e-type=\"widget\" data-widget_type=\"image.default\">\n\t\t\t\t\t\t\t\t\t\t\t\t\t\t\t<img fetchpriority=\"high\" decoding=\"async\" width=\"768\" height=\"768\" src=\"https:\/\/cabinetngos.com\/wp-content\/uploads\/2025\/12\/New-Project-2025-12-04T035115.523-768x768.webp\" class=\"attachment-medium_large size-medium_large wp-image-500\" alt=\"\" srcset=\"https:\/\/cabinetngos.com\/wp-content\/uploads\/2025\/12\/New-Project-2025-12-04T035115.523-768x768.webp 768w, https:\/\/cabinetngos.com\/wp-content\/uploads\/2025\/12\/New-Project-2025-12-04T035115.523-300x300.webp 300w, https:\/\/cabinetngos.com\/wp-content\/uploads\/2025\/12\/New-Project-2025-12-04T035115.523-150x150.webp 150w, https:\/\/cabinetngos.com\/wp-content\/uploads\/2025\/12\/New-Project-2025-12-04T035115.523-600x600.webp 600w, https:\/\/cabinetngos.com\/wp-content\/uploads\/2025\/12\/New-Project-2025-12-04T035115.523.webp 800w\" sizes=\"(max-width: 768px) 100vw, 768px\" \/>\t\t\t\t\t\t\t\t\t\t\t\t\t\t\t<\/div>\n\t\t<div class=\"elementor-element elementor-element-46da1d4 e-con-full e-flex e-con e-child\" data-id=\"46da1d4\" data-element_type=\"container\" data-e-type=\"container\">\n\t\t\t\t<div class=\"elementor-element elementor-element-436b696 elementor-widget elementor-widget-heading\" data-id=\"436b696\" data-element_type=\"widget\" data-e-type=\"widget\" data-widget_type=\"heading.default\">\n\t\t\t\t\t<h2 class=\"elementor-heading-title elementor-size-default\">R\u00e9daction et R\u00e9vision de Contrats<\/h2>\t\t\t\t<\/div>\n\t\t\t\t<div class=\"elementor-element elementor-element-e9ce87d elementor-widget elementor-widget-text-editor\" data-id=\"e9ce87d\" data-element_type=\"widget\" data-e-type=\"widget\" data-widget_type=\"text-editor.default\">\n\t\t\t\t\t\t\t\t\t<p data-start=\"222\" data-end=\"466\">Le droit des contrats r\u00e9git la cr\u00e9ation, l\u2019ex\u00e9cution et l\u2019interpr\u00e9tation des accords entre les parties. Il garantit que chaque personne impliqu\u00e9e dans une transaction assume des obligations l\u00e9gales gr\u00e2ce \u00e0 une r\u00e9daction correcte des contrats.<br \/>Les contrats sont essentiels tant dans le cadre personnel que professionnel, car ils permettent d\u2019agir l\u00e9galement en cas de litige, apportent de la clart\u00e9 et aident \u00e0 \u00e9viter les malentendus. Dans un environnement moderne en constante \u00e9volution, les contrats sont plus que jamais indispensables. Ils prot\u00e8gent la propri\u00e9t\u00e9 intellectuelle, assurent la conformit\u00e9 l\u00e9gale et constituent la base des partenariats commerciaux.<br \/>Que vous ayez besoin d\u2019un avocat pour contrats gouvernementaux, pour la repr\u00e9sentation d\u2019artistes ou pour tout autre soutien juridique en entreprise, la ma\u00eetrise du droit des contrats vous aide \u00e0 d\u00e9fendre vos droits, et consulter un avocat sp\u00e9cialis\u00e9 garantit un accompagnement professionnel et une protection optimale.<\/p>\t\t\t\t\t\t\t\t<\/div>\n\t\t\t\t<\/div>\n\t\t\t\t\t<\/div>\n\t\t\t\t<\/div>\n\t\t\t\t<\/div>\n\t\t<div class=\"elementor-element elementor-element-abd101a e-con-full e-flex e-con e-parent\" data-id=\"abd101a\" data-element_type=\"container\" data-e-type=\"container\">\n\t\t\t\t<div class=\"elementor-element elementor-element-1d2b427 elementor-widget elementor-widget-heading\" data-id=\"1d2b427\" data-element_type=\"widget\" data-e-type=\"widget\" data-widget_type=\"heading.default\">\n\t\t\t\t\t<h2 class=\"elementor-heading-title elementor-size-default\">Notre Conseil Juridique en Droit des Contrats chez DN ASSOCIATES AVOCATS<\/h2>\t\t\t\t<\/div>\n\t\t\t\t<div class=\"elementor-element elementor-element-5ed8a7d elementor-widget elementor-widget-text-editor\" data-id=\"5ed8a7d\" data-element_type=\"widget\" data-e-type=\"widget\" data-widget_type=\"text-editor.default\">\n\t\t\t\t\t\t\t\t\t<p data-start=\"229\" data-end=\"378\">Nos services couvrent un large \u00e9ventail pour r\u00e9pondre \u00e0 vos besoins. Ils incluent :<\/p>\t\t\t\t\t\t\t\t<\/div>\n\t\t<div class=\"elementor-element elementor-element-9f6be5b e-grid e-con-full e-con e-child\" data-id=\"9f6be5b\" data-element_type=\"container\" data-e-type=\"container\">\n\t\t<div class=\"elementor-element elementor-element-76bea56 e-con-full e-flex e-con e-child\" data-id=\"76bea56\" data-element_type=\"container\" data-e-type=\"container\" data-settings=\"{&quot;background_background&quot;:&quot;classic&quot;}\">\n\t\t\t\t<div class=\"elementor-element elementor-element-ad514e8 elementor-widget elementor-widget-heading\" data-id=\"ad514e8\" data-element_type=\"widget\" data-e-type=\"widget\" data-widget_type=\"heading.default\">\n\t\t\t\t\t<h2 class=\"elementor-heading-title elementor-size-default\">R\u00e9daction et Analyse de Contrats<\/h2>\t\t\t\t<\/div>\n\t\t\t\t<div class=\"elementor-element elementor-element-5288bc5 elementor-widget elementor-widget-text-editor\" data-id=\"5288bc5\" data-element_type=\"widget\" data-e-type=\"widget\" data-widget_type=\"text-editor.default\">\n\t\t\t\t\t\t\t\t\t<p data-start=\"215\" data-end=\"487\">Nous r\u00e9digeons des contrats clairs, transparents et juridiquement ex\u00e9cutables, adapt\u00e9s \u00e0 vos besoins sp\u00e9cifiques. Nos services de r\u00e9vision incluent \u00e9galement l\u2019examen des accords existants pour garantir le respect de vos droits et la conformit\u00e9 avec les lois en vigueur.<\/p>\t\t\t\t\t\t\t\t<\/div>\n\t\t\t\t<\/div>\n\t\t<div class=\"elementor-element elementor-element-481958b e-con-full e-flex e-con e-child\" data-id=\"481958b\" data-element_type=\"container\" data-e-type=\"container\" data-settings=\"{&quot;background_background&quot;:&quot;classic&quot;}\">\n\t\t\t\t<div class=\"elementor-element elementor-element-06a2ca3 elementor-widget elementor-widget-heading\" data-id=\"06a2ca3\" data-element_type=\"widget\" data-e-type=\"widget\" data-widget_type=\"heading.default\">\n\t\t\t\t\t<h2 class=\"elementor-heading-title elementor-size-default\">N\u00e9gociation de Contrats : Services de N\u00e9gociation<\/h2>\t\t\t\t<\/div>\n\t\t\t\t<div class=\"elementor-element elementor-element-55e56c3 elementor-widget elementor-widget-text-editor\" data-id=\"55e56c3\" data-element_type=\"widget\" data-e-type=\"widget\" data-widget_type=\"text-editor.default\">\n\t\t\t\t\t\t\t\t\t<p data-start=\"189\" data-end=\"444\">Nos avocats garantissent les meilleures conditions possibles gr\u00e2ce \u00e0 une n\u00e9gociation experte des contrats. Des n\u00e9gociateurs professionnels facilitent ce processus. Nous examinons attentivement toutes les clauses pertinentes de vos contrats afin de nous assurer qu\u2019elles r\u00e9pondent \u00e0 vos besoins sp\u00e9cifiques, qu\u2019il s\u2019agisse d\u2019un contrat de prestation de services ou d\u2019un accord de partenariat.<\/p>\t\t\t\t\t\t\t\t<\/div>\n\t\t\t\t<\/div>\n\t\t<div class=\"elementor-element elementor-element-7258764 e-con-full e-flex e-con e-child\" data-id=\"7258764\" data-element_type=\"container\" data-e-type=\"container\" data-settings=\"{&quot;background_background&quot;:&quot;classic&quot;}\">\n\t\t\t\t<div class=\"elementor-element elementor-element-455a8ac elementor-widget elementor-widget-heading\" data-id=\"455a8ac\" data-element_type=\"widget\" data-e-type=\"widget\" data-widget_type=\"heading.default\">\n\t\t\t\t\t<h2 class=\"elementor-heading-title elementor-size-default\">Conseil en Conformit\u00e9 Contractuelle<\/h2>\t\t\t\t<\/div>\n\t\t\t\t<div class=\"elementor-element elementor-element-ae8dc93 elementor-widget elementor-widget-text-editor\" data-id=\"ae8dc93\" data-element_type=\"widget\" data-e-type=\"widget\" data-widget_type=\"text-editor.default\">\n\t\t\t\t\t\t\t\t\t<p data-start=\"197\" data-end=\"477\">Nous offrons des recommandations expertes sur l\u2019application des r\u00e8gles locales et des accords contractuels. Cela permet de maintenir de solides relations commerciales et de vous prot\u00e9ger contre les litiges juridiques.<\/p>\t\t\t\t\t\t\t\t<\/div>\n\t\t\t\t<\/div>\n\t\t<div class=\"elementor-element elementor-element-157e2ff e-con-full e-flex e-con e-child\" data-id=\"157e2ff\" data-element_type=\"container\" data-e-type=\"container\" data-settings=\"{&quot;background_background&quot;:&quot;classic&quot;}\">\n\t\t\t\t<div class=\"elementor-element elementor-element-7336459 elementor-widget elementor-widget-heading\" data-id=\"7336459\" data-element_type=\"widget\" data-e-type=\"widget\" data-widget_type=\"heading.default\">\n\t\t\t\t\t<h2 class=\"elementor-heading-title elementor-size-default\">R\u00e9solution des Litiges Contractuels<\/h2>\t\t\t\t<\/div>\n\t\t\t\t<div class=\"elementor-element elementor-element-a62d638 elementor-widget elementor-widget-text-editor\" data-id=\"a62d638\" data-element_type=\"widget\" data-e-type=\"widget\" data-widget_type=\"text-editor.default\">\n\t\t\t\t\t\t\t\t\t<p data-start=\"196\" data-end=\"682\">Si un litige contractuel survient, notre \u00e9quipe est pr\u00eate \u00e0 intervenir. Nous assistons nos clients dans l\u2019arbitrage, la m\u00e9diation, la n\u00e9gociation et le contentieux afin de g\u00e9rer efficacement et rapidement les conflits li\u00e9s aux contrats.<\/p>\t\t\t\t\t\t\t\t<\/div>\n\t\t\t\t<\/div>\n\t\t\t\t<\/div>\n\t\t\t\t<\/div>\n\t\t<div class=\"elementor-element elementor-element-1687cf4 e-con-full e-flex e-con e-parent\" data-id=\"1687cf4\" data-element_type=\"container\" data-e-type=\"container\" data-settings=\"{&quot;background_background&quot;:&quot;classic&quot;}\">\n\t\t\t\t<div class=\"elementor-element elementor-element-390a4bd elementor-widget elementor-widget-heading\" data-id=\"390a4bd\" data-element_type=\"widget\" data-e-type=\"widget\" data-widget_type=\"heading.default\">\n\t\t\t\t\t<h2 class=\"elementor-heading-title elementor-size-default\">Services Sp\u00e9cialis\u00e9s en Droit des Contrats<\/h2>\t\t\t\t<\/div>\n\t\t\t\t<div class=\"elementor-element elementor-element-4174bad elementor-widget elementor-widget-text-editor\" data-id=\"4174bad\" data-element_type=\"widget\" data-e-type=\"widget\" data-widget_type=\"text-editor.default\">\n\t\t\t\t\t\t\t\t\t<p data-start=\"229\" data-end=\"378\">Notre cabinet poss\u00e8de une expertise approfondie dans plusieurs domaines sp\u00e9cialis\u00e9s du droit des contrats, notamment :<\/p>\t\t\t\t\t\t\t\t<\/div>\n\t\t<div class=\"elementor-element elementor-element-624b701 e-grid e-con-full e-con e-child\" data-id=\"624b701\" data-element_type=\"container\" data-e-type=\"container\">\n\t\t<div class=\"elementor-element elementor-element-757ed69 e-con-full e-flex e-con e-child\" data-id=\"757ed69\" data-element_type=\"container\" data-e-type=\"container\" data-settings=\"{&quot;background_background&quot;:&quot;classic&quot;}\">\n\t\t\t\t<div class=\"elementor-element elementor-element-3f94f65 elementor-widget elementor-widget-heading\" data-id=\"3f94f65\" data-element_type=\"widget\" data-e-type=\"widget\" data-widget_type=\"heading.default\">\n\t\t\t\t\t<h2 class=\"elementor-heading-title elementor-size-default\">Repr\u00e9sentation Juridique pour Contrats Gouvernementaux<\/h2>\t\t\t\t<\/div>\n\t\t\t\t<div class=\"elementor-element elementor-element-f4aea17 elementor-widget elementor-widget-text-editor\" data-id=\"f4aea17\" data-element_type=\"widget\" data-e-type=\"widget\" data-widget_type=\"text-editor.default\">\n\t\t\t\t\t\t\t\t\t<p data-start=\"215\" data-end=\"487\">Les contrats gouvernementaux impliquent diverses proc\u00e9dures d\u2019approvisionnement avec des r\u00e8gles strictes. Notre \u00e9quipe veille au respect des r\u00e9glementations nationales et locales, guidant nos clients \u00e0 travers ces complexit\u00e9s. Nous assistons \u00e9galement \u00e0 la r\u00e9daction, \u00e0 la n\u00e9gociation, \u00e0 la soumission, \u00e0 l\u2019interpr\u00e9tation des contrats gouvernementaux et \u00e0 la r\u00e9solution des litiges.<\/p>\t\t\t\t\t\t\t\t<\/div>\n\t\t\t\t<\/div>\n\t\t<div class=\"elementor-element elementor-element-edbcba4 e-con-full e-flex e-con e-child\" data-id=\"edbcba4\" data-element_type=\"container\" data-e-type=\"container\" data-settings=\"{&quot;background_background&quot;:&quot;classic&quot;}\">\n\t\t\t\t<div class=\"elementor-element elementor-element-03c3cc3 elementor-widget elementor-widget-heading\" data-id=\"03c3cc3\" data-element_type=\"widget\" data-e-type=\"widget\" data-widget_type=\"heading.default\">\n\t\t\t\t\t<h2 class=\"elementor-heading-title elementor-size-default\">Contrats dans l\u2019Industrie du Divertissement<\/h2>\t\t\t\t<\/div>\n\t\t\t\t<div class=\"elementor-element elementor-element-ce4f3a4 elementor-widget elementor-widget-text-editor\" data-id=\"ce4f3a4\" data-element_type=\"widget\" data-e-type=\"widget\" data-widget_type=\"text-editor.default\">\n\t\t\t\t\t\t\t\t\t<p data-start=\"189\" data-end=\"444\">Des licences aux accords avec les artistes, l\u2019industrie fonctionne principalement gr\u00e2ce aux contrats. Notre avocat sp\u00e9cialis\u00e9 en contrats dans le secteur du divertissement n\u00e9gocie des conditions favorables garantissant la protection des cr\u00e9ations artistiques de nos clients. Que vous soyez artiste, producteur, distributeur ou autre, nous veillons \u00e0 ce que vos contrats refl\u00e8tent \u00e9quitablement vos int\u00e9r\u00eats.<\/p>\t\t\t\t\t\t\t\t<\/div>\n\t\t\t\t<\/div>\n\t\t<div class=\"elementor-element elementor-element-7271b77 e-con-full e-flex e-con e-child\" data-id=\"7271b77\" data-element_type=\"container\" data-e-type=\"container\" data-settings=\"{&quot;background_background&quot;:&quot;classic&quot;}\">\n\t\t\t\t<div class=\"elementor-element elementor-element-a421b63 elementor-widget elementor-widget-heading\" data-id=\"a421b63\" data-element_type=\"widget\" data-e-type=\"widget\" data-widget_type=\"heading.default\">\n\t\t\t\t\t<h2 class=\"elementor-heading-title elementor-size-default\">Contrats Commerciaux<\/h2>\t\t\t\t<\/div>\n\t\t\t\t<div class=\"elementor-element elementor-element-34cf0dc elementor-widget elementor-widget-text-editor\" data-id=\"34cf0dc\" data-element_type=\"widget\" data-e-type=\"widget\" data-widget_type=\"text-editor.default\">\n\t\t\t\t\t\t\t\t\t<p data-start=\"197\" data-end=\"477\">Les contrats commerciaux, incluant les contrats de vente, de prestation de services et de partenariat, d\u00e9finissent enti\u00e8rement le fonctionnement des entreprises. Notre \u00e9quipe d\u2019avocats sp\u00e9cialis\u00e9s en contrats commerciaux veille \u00e0 ce que ces accords soient juridiquement solides et adapt\u00e9s \u00e0 vos objectifs d\u2019entreprise. Nous g\u00e9rons \u00e9galement les litiges contractuels tout en assurant le contr\u00f4le des risques et la conformit\u00e9.<\/p>\t\t\t\t\t\t\t\t<\/div>\n\t\t\t\t<\/div>\n\t\t\t\t<\/div>\n\t\t\t\t<\/div>\n\t\t\t\t<\/div>\n\t\t","protected":false},"excerpt":{"rendered":"<p>Avocats de Confiance en Droit des Contrats au Cameroun \u2013 Expertise Juridique dans Tous les Contrats DN ASSOCIATES AVOCATS \u2013 Avocat en Droit des Contrats : Conseil Juridique &amp; Droit Contractuel Un contrat constitue presque toujours la base des transactions personnelles, commerciales et internationales. Que vous r\u00e9digiez un contrat de prestation de services, une licence [&hellip;]<\/p>\n","protected":false},"author":1,"featured_media":0,"parent":0,"menu_order":0,"comment_status":"closed","ping_status":"closed","template":"","meta":{"ocean_post_layout":"full-screen","ocean_both_sidebars_style":"","ocean_both_sidebars_content_width":0,"ocean_both_sidebars_sidebars_width":0,"ocean_sidebar":"","ocean_second_sidebar":"","ocean_disable_margins":"enable","ocean_add_body_class":"","ocean_shortcode_before_top_bar":"","ocean_shortcode_after_top_bar":"","ocean_shortcode_before_header":"","ocean_shortcode_after_header":"","ocean_has_shortcode":"","ocean_shortcode_after_title":"","ocean_shortcode_before_footer_widgets":"","ocean_shortcode_after_footer_widgets":"","ocean_shortcode_before_footer_bottom":"","ocean_shortcode_after_footer_bottom":"","ocean_display_top_bar":"default","ocean_display_header":"default","ocean_header_style":"","ocean_center_header_left_menu":"","ocean_custom_header_template":"","ocean_custom_logo":0,"ocean_custom_retina_logo":0,"ocean_custom_logo_max_width":0,"ocean_custom_logo_tablet_max_width":0,"ocean_custom_logo_mobile_max_width":0,"ocean_custom_logo_max_height":0,"ocean_custom_logo_tablet_max_height":0,"ocean_custom_logo_mobile_max_height":0,"ocean_header_custom_menu":"","ocean_menu_typo_font_family":"","ocean_menu_typo_font_subset":"","ocean_menu_typo_font_size":0,"ocean_menu_typo_font_size_tablet":0,"ocean_menu_typo_font_size_mobile":0,"ocean_menu_typo_font_size_unit":"px","ocean_menu_typo_font_weight":"","ocean_menu_typo_font_weight_tablet":"","ocean_menu_typo_font_weight_mobile":"","ocean_menu_typo_transform":"","ocean_menu_typo_transform_tablet":"","ocean_menu_typo_transform_mobile":"","ocean_menu_typo_line_height":0,"ocean_menu_typo_line_height_tablet":0,"ocean_menu_typo_line_height_mobile":0,"ocean_menu_typo_line_height_unit":"","ocean_menu_typo_spacing":0,"ocean_menu_typo_spacing_tablet":0,"ocean_menu_typo_spacing_mobile":0,"ocean_menu_typo_spacing_unit":"","ocean_menu_link_color":"","ocean_menu_link_color_hover":"","ocean_menu_link_color_active":"","ocean_menu_link_background":"","ocean_menu_link_hover_background":"","ocean_menu_link_active_background":"","ocean_menu_social_links_bg":"","ocean_menu_social_hover_links_bg":"","ocean_menu_social_links_color":"","ocean_menu_social_hover_links_color":"","ocean_disable_title":"on","ocean_disable_heading":"default","ocean_post_title":"","ocean_post_subheading":"","ocean_post_title_style":"","ocean_post_title_background_color":"","ocean_post_title_background":0,"ocean_post_title_bg_image_position":"","ocean_post_title_bg_image_attachment":"","ocean_post_title_bg_image_repeat":"","ocean_post_title_bg_image_size":"","ocean_post_title_height":0,"ocean_post_title_bg_overlay":0.5,"ocean_post_title_bg_overlay_color":"","ocean_disable_breadcrumbs":"default","ocean_breadcrumbs_color":"","ocean_breadcrumbs_separator_color":"","ocean_breadcrumbs_links_color":"","ocean_breadcrumbs_links_hover_color":"","ocean_display_footer_widgets":"default","ocean_display_footer_bottom":"default","ocean_custom_footer_template":"","footnotes":""},"class_list":["post-23","page","type-page","status-publish","hentry","entry"],"_links":{"self":[{"href":"https:\/\/cabinetngos.com\/index.php\/wp-json\/wp\/v2\/pages\/23","targetHints":{"allow":["GET"]}}],"collection":[{"href":"https:\/\/cabinetngos.com\/index.php\/wp-json\/wp\/v2\/pages"}],"about":[{"href":"https:\/\/cabinetngos.com\/index.php\/wp-json\/wp\/v2\/types\/page"}],"author":[{"embeddable":true,"href":"https:\/\/cabinetngos.com\/index.php\/wp-json\/wp\/v2\/users\/1"}],"replies":[{"embeddable":true,"href":"https:\/\/cabinetngos.com\/index.php\/wp-json\/wp\/v2\/comments?post=23"}],"version-history":[{"count":68,"href":"https:\/\/cabinetngos.com\/index.php\/wp-json\/wp\/v2\/pages\/23\/revisions"}],"predecessor-version":[{"id":792,"href":"https:\/\/cabinetngos.com\/index.php\/wp-json\/wp\/v2\/pages\/23\/revisions\/792"}],"wp:attachment":[{"href":"https:\/\/cabinetngos.com\/index.php\/wp-json\/wp\/v2\/media?parent=23"}],"curies":[{"name":"wp","href":"https:\/\/api.w.org\/{rel}","templated":true}]}}