{"id":17,"date":"2025-12-03T10:01:59","date_gmt":"2025-12-03T10:01:59","guid":{"rendered":"https:\/\/cabinetngos.com\/?page_id=17"},"modified":"2025-12-04T15:11:21","modified_gmt":"2025-12-04T15:11:21","slug":"droit-du-travail","status":"publish","type":"page","link":"https:\/\/cabinetngos.com\/index.php\/droit-du-travail\/","title":{"rendered":"Droit du travail"},"content":{"rendered":"\t\t<div data-elementor-type=\"wp-page\" data-elementor-id=\"17\" class=\"elementor elementor-17\">\n\t\t\t\t<div class=\"elementor-element elementor-element-8f60a0c e-con-full e-flex e-con e-parent\" data-id=\"8f60a0c\" data-element_type=\"container\" data-e-type=\"container\" data-settings=\"{&quot;background_background&quot;:&quot;classic&quot;}\">\n\t\t\t\t<div class=\"elementor-element elementor-element-98ef080 elementor-widget elementor-widget-heading\" data-id=\"98ef080\" data-element_type=\"widget\" data-e-type=\"widget\" data-widget_type=\"heading.default\">\n\t\t\t\t\t<h2 class=\"elementor-heading-title elementor-size-default\">Avocats en droit du travail au Cameroun \u2013 Sp\u00e9cialistes du droit de l\u2019emploi<\/h2>\t\t\t\t<\/div>\n\t\t\t\t<\/div>\n\t\t<div class=\"elementor-element elementor-element-abe4fe6 e-flex e-con-boxed e-con e-parent\" data-id=\"abe4fe6\" data-element_type=\"container\" data-e-type=\"container\" data-settings=\"{&quot;background_background&quot;:&quot;classic&quot;}\">\n\t\t\t\t\t<div class=\"e-con-inner\">\n\t\t\t\t<div class=\"elementor-element elementor-element-32d59a9 elementor-widget elementor-widget-heading\" data-id=\"32d59a9\" data-element_type=\"widget\" data-e-type=\"widget\" data-widget_type=\"heading.default\">\n\t\t\t\t\t<h2 class=\"elementor-heading-title elementor-size-default\">DN ASSOCIATES AVOCATS &amp; CONSEILS JURIDIQUES<\/h2>\t\t\t\t<\/div>\n\t\t\t\t<div class=\"elementor-element elementor-element-88d4753 elementor-widget elementor-widget-text-editor\" data-id=\"88d4753\" data-element_type=\"widget\" data-e-type=\"widget\" data-widget_type=\"text-editor.default\">\n\t\t\t\t\t\t\t\t\t<p data-start=\"348\" data-end=\"788\">Chez <strong data-start=\"353\" data-end=\"400\">DN ASSOCIATES AVOCATS &amp; CONSEILS JURIDIQUES<\/strong>, <br \/>nous comprenons que la r\u00e9glementation du travail influence directement aussi bien la relation employeur-employ\u00e9 que le fonctionnement global des entreprises. Notre \u00e9quipe d\u2019avocats sp\u00e9cialis\u00e9s en <strong data-start=\"600\" data-end=\"632\">droit du travail au Cameroun<\/strong> est d\u00e9di\u00e9e \u00e0 vous offrir un accompagnement juridique fiable, une expertise pointue et une repr\u00e9sentation efficace pour prot\u00e9ger vos droits et vos int\u00e9r\u00eats. Naviguer dans les exigences du Code du Travail camerounais n\u00e9cessite l\u2019appui de professionnels exp\u00e9riment\u00e9s \u2014 que vous soyez <strong data-start=\"915\" data-end=\"958\">employ\u00e9, employeur ou chef d\u2019entreprise<\/strong>. Gr\u00e2ce \u00e0 notre parfaite ma\u00eetrise de la l\u00e9gislation sociale camerounaise, de la gestion des litiges professionnels et de notre approche centr\u00e9e sur le client, <strong data-start=\"1119\" data-end=\"1136\">DN ASSOCIATES<\/strong> s\u2019impose comme l\u2019un des meilleurs cabinets en <strong data-start=\"1183\" data-end=\"1215\">droit du travail au Cameroun<\/strong>, pr\u00eat \u00e0 vous accompagner dans toutes vos probl\u00e9matiques li\u00e9es \u00e0 l\u2019emploi.<\/p>\t\t\t\t\t\t\t\t<\/div>\n\t\t\t\t<div class=\"elementor-element elementor-element-631d034 elementor-align-center elementor-widget elementor-widget-button\" data-id=\"631d034\" data-element_type=\"widget\" data-e-type=\"widget\" data-widget_type=\"button.default\">\n\t\t\t\t\t\t\t\t\t\t<a class=\"elementor-button elementor-button-link elementor-size-sm\" href=\"https:\/\/cabinetngos.com\/index.php\/contactez-nous\/\">\n\t\t\t\t\t\t<span class=\"elementor-button-content-wrapper\">\n\t\t\t\t\t\t\t\t\t<span class=\"elementor-button-text\">Appelez-nous maintenant<\/span>\n\t\t\t\t\t<\/span>\n\t\t\t\t\t<\/a>\n\t\t\t\t\t\t\t\t<\/div>\n\t\t\t\t\t<\/div>\n\t\t\t\t<\/div>\n\t\t<div class=\"elementor-element elementor-element-57d0e8c e-con-full e-flex e-con e-parent\" data-id=\"57d0e8c\" data-element_type=\"container\" data-e-type=\"container\" data-settings=\"{&quot;background_background&quot;:&quot;classic&quot;}\">\n\t\t<div class=\"elementor-element elementor-element-e935262 e-grid e-con-boxed e-con e-child\" data-id=\"e935262\" data-element_type=\"container\" data-e-type=\"container\">\n\t\t\t\t\t<div class=\"e-con-inner\">\n\t\t\t\t<div class=\"elementor-element elementor-element-4d59db4 elementor-widget elementor-widget-image\" data-id=\"4d59db4\" data-element_type=\"widget\" data-e-type=\"widget\" data-widget_type=\"image.default\">\n\t\t\t\t\t\t\t\t\t\t\t\t\t\t\t<img fetchpriority=\"high\" decoding=\"async\" width=\"768\" height=\"768\" src=\"https:\/\/cabinetngos.com\/wp-content\/uploads\/2025\/12\/New-Project-2025-12-04T013057.445-768x768.webp\" class=\"attachment-medium_large size-medium_large wp-image-331\" alt=\"\" srcset=\"https:\/\/cabinetngos.com\/wp-content\/uploads\/2025\/12\/New-Project-2025-12-04T013057.445-768x768.webp 768w, https:\/\/cabinetngos.com\/wp-content\/uploads\/2025\/12\/New-Project-2025-12-04T013057.445-300x300.webp 300w, https:\/\/cabinetngos.com\/wp-content\/uploads\/2025\/12\/New-Project-2025-12-04T013057.445-150x150.webp 150w, https:\/\/cabinetngos.com\/wp-content\/uploads\/2025\/12\/New-Project-2025-12-04T013057.445-600x600.webp 600w, https:\/\/cabinetngos.com\/wp-content\/uploads\/2025\/12\/New-Project-2025-12-04T013057.445.webp 800w\" sizes=\"(max-width: 768px) 100vw, 768px\" \/>\t\t\t\t\t\t\t\t\t\t\t\t\t\t\t<\/div>\n\t\t<div class=\"elementor-element elementor-element-6c392be e-con-full e-flex e-con e-child\" data-id=\"6c392be\" data-element_type=\"container\" data-e-type=\"container\">\n\t\t\t\t<div class=\"elementor-element elementor-element-14fa922 elementor-widget elementor-widget-heading\" data-id=\"14fa922\" data-element_type=\"widget\" data-e-type=\"widget\" data-widget_type=\"heading.default\">\n\t\t\t\t\t<h2 class=\"elementor-heading-title elementor-size-default\">Pourquoi Faire Appel aux Meilleurs Avocats en Droit du Travail au Cameroun ?<\/h2>\t\t\t\t<\/div>\n\t\t\t\t<div class=\"elementor-element elementor-element-c5b5092 elementor-widget elementor-widget-text-editor\" data-id=\"c5b5092\" data-element_type=\"widget\" data-e-type=\"widget\" data-widget_type=\"text-editor.default\">\n\t\t\t\t\t\t\t\t\t<h3 data-start=\"226\" data-end=\"267\"><strong data-start=\"230\" data-end=\"265\">. Ma\u00eetrise du Droit du Travail<\/strong><\/h3><p data-start=\"268\" data-end=\"400\">Nos avocats exp\u00e9riment\u00e9s offrent des conseils fiables, r\u00e9digent vos contrats et vous repr\u00e9sentent devant les tribunaux comp\u00e9tents.<\/p><h3 data-start=\"402\" data-end=\"443\"><strong data-start=\"406\" data-end=\"441\">. R\u00e9putation pour l\u2019Excellence<\/strong><\/h3><p data-start=\"444\" data-end=\"559\">Notre engagement, notre \u00e9thique et notre exp\u00e9rience assurent des r\u00e9sultats positifs et durables pour nos clients.<\/p><h3 data-start=\"561\" data-end=\"604\"><strong data-start=\"565\" data-end=\"602\">. Approche Centr\u00e9e sur le Client<\/strong><\/h3><p data-start=\"605\" data-end=\"730\">Nous proposons des solutions personnalis\u00e9es, adapt\u00e9es \u00e0 chaque situation, en pla\u00e7ant vos int\u00e9r\u00eats au c\u0153ur de notre mission.<\/p>\t\t\t\t\t\t\t\t<\/div>\n\t\t\t\t<\/div>\n\t\t\t\t\t<\/div>\n\t\t\t\t<\/div>\n\t\t\t\t<\/div>\n\t\t<div class=\"elementor-element elementor-element-af88e20 e-con-full e-flex e-con e-parent\" data-id=\"af88e20\" data-element_type=\"container\" data-e-type=\"container\">\n\t\t\t\t<div class=\"elementor-element elementor-element-fbbf390 elementor-widget elementor-widget-heading\" data-id=\"fbbf390\" data-element_type=\"widget\" data-e-type=\"widget\" data-widget_type=\"heading.default\">\n\t\t\t\t\t<h2 class=\"elementor-heading-title elementor-size-default\">Nos Services de Conseil en Droit du Travail<\/h2>\t\t\t\t<\/div>\n\t\t<div class=\"elementor-element elementor-element-753ebab e-grid e-con-full e-con e-child\" data-id=\"753ebab\" data-element_type=\"container\" data-e-type=\"container\">\n\t\t<div class=\"elementor-element elementor-element-1bce5b7 e-con-full e-flex e-con e-child\" data-id=\"1bce5b7\" data-element_type=\"container\" data-e-type=\"container\" data-settings=\"{&quot;background_background&quot;:&quot;classic&quot;}\">\n\t\t\t\t<div class=\"elementor-element elementor-element-6e58a56 elementor-widget elementor-widget-heading\" data-id=\"6e58a56\" data-element_type=\"widget\" data-e-type=\"widget\" data-widget_type=\"heading.default\">\n\t\t\t\t\t<h2 class=\"elementor-heading-title elementor-size-default\">R\u00e9daction et Relecture de Contrats de Travail<\/h2>\t\t\t\t<\/div>\n\t\t\t\t<div class=\"elementor-element elementor-element-969e327 elementor-widget elementor-widget-text-editor\" data-id=\"969e327\" data-element_type=\"widget\" data-e-type=\"widget\" data-widget_type=\"text-editor.default\">\n\t\t\t\t\t\t\t\t\t<p data-start=\"176\" data-end=\"423\">Un contrat de travail bien r\u00e9dig\u00e9 constitue la base d\u2019une relation solide entre employeur et employ\u00e9.<br data-start=\"277\" data-end=\"280\" \/>Nos avocats sp\u00e9cialis\u00e9s en <strong data-start=\"307\" data-end=\"339\">droit du travail au Cameroun<\/strong> proposent des services complets pour les entreprises et les salari\u00e9s, notamment :<\/p><ul data-start=\"425\" data-end=\"705\"><li data-start=\"425\" data-end=\"494\"><p data-start=\"427\" data-end=\"494\">R\u00e9daction de contrats de travail juridiquement solides et clairs.<\/p><\/li><li data-start=\"495\" data-end=\"607\"><p data-start=\"497\" data-end=\"607\">Relecture des contrats existants pour garantir l\u2019\u00e9quit\u00e9 et la conformit\u00e9 au <strong data-start=\"573\" data-end=\"604\">Code du Travail camerounais<\/strong>.<\/p><\/li><li data-start=\"608\" data-end=\"705\"><p data-start=\"610\" data-end=\"705\">Conseils sur les termes et conditions contractuelles afin de prot\u00e9ger vos droits et int\u00e9r\u00eats.<\/p><\/li><\/ul>\t\t\t\t\t\t\t\t<\/div>\n\t\t\t\t<\/div>\n\t\t<div class=\"elementor-element elementor-element-a3f0847 e-con-full e-flex e-con e-child\" data-id=\"a3f0847\" data-element_type=\"container\" data-e-type=\"container\" data-settings=\"{&quot;background_background&quot;:&quot;classic&quot;}\">\n\t\t\t\t<div class=\"elementor-element elementor-element-d0bc3ed elementor-widget elementor-widget-heading\" data-id=\"d0bc3ed\" data-element_type=\"widget\" data-e-type=\"widget\" data-widget_type=\"heading.default\">\n\t\t\t\t\t<h2 class=\"elementor-heading-title elementor-size-default\">Gestion des Conflits de Travail<\/h2>\t\t\t\t<\/div>\n\t\t\t\t<div class=\"elementor-element elementor-element-fabab66 elementor-widget elementor-widget-text-editor\" data-id=\"fabab66\" data-element_type=\"widget\" data-e-type=\"widget\" data-widget_type=\"text-editor.default\">\n\t\t\t\t\t\t\t\t\t<p data-start=\"189\" data-end=\"444\">Parmi les principales sources de conflits au travail figurent la discrimination, les litiges salariaux et les licenciements abusifs.<br data-start=\"321\" data-end=\"324\" \/>Nos avocats sp\u00e9cialis\u00e9s en <strong data-start=\"351\" data-end=\"383\">droit du travail au Cameroun<\/strong> se concentrent sur la r\u00e9solution de ces conflits gr\u00e2ce \u00e0 :<\/p><ul data-start=\"446\" data-end=\"758\"><li data-start=\"446\" data-end=\"606\"><p data-start=\"448\" data-end=\"606\"><strong data-start=\"448\" data-end=\"476\">M\u00e9diation et Arbitrage :<\/strong> Nous cherchons \u00e0 r\u00e9soudre les diff\u00e9rends \u00e0 l\u2019amiable par des m\u00e9thodes de r\u00e9solution alternative des conflits et la n\u00e9gociation.<\/p><\/li><li data-start=\"607\" data-end=\"758\"><p data-start=\"609\" data-end=\"758\"><strong data-start=\"609\" data-end=\"650\">Repr\u00e9sentation devant les tribunaux :<\/strong> Si la m\u00e9diation \u00e9choue, notre \u00e9quipe est pr\u00eate \u00e0 d\u00e9fendre vos droits devant les juridictions comp\u00e9tentes.<\/p><\/li><\/ul>\t\t\t\t\t\t\t\t<\/div>\n\t\t\t\t<\/div>\n\t\t<div class=\"elementor-element elementor-element-d5a2af1 e-con-full e-flex e-con e-child\" data-id=\"d5a2af1\" data-element_type=\"container\" data-e-type=\"container\" data-settings=\"{&quot;background_background&quot;:&quot;classic&quot;}\">\n\t\t\t\t<div class=\"elementor-element elementor-element-32f6535 elementor-widget elementor-widget-heading\" data-id=\"32f6535\" data-element_type=\"widget\" data-e-type=\"widget\" data-widget_type=\"heading.default\">\n\t\t\t\t\t<h2 class=\"elementor-heading-title elementor-size-default\">Repr\u00e9sentation Juridique devant les Tribunaux du Travail<\/h2>\t\t\t\t<\/div>\n\t\t\t\t<div class=\"elementor-element elementor-element-a1caabb elementor-widget elementor-widget-text-editor\" data-id=\"a1caabb\" data-element_type=\"widget\" data-e-type=\"widget\" data-widget_type=\"text-editor.default\">\n\t\t\t\t\t\t\t\t\t<p data-start=\"195\" data-end=\"364\">Naviguer dans les tribunaux du travail peut \u00eatre complexe sans assistance juridique appropri\u00e9e.<br data-start=\"290\" data-end=\"293\" \/>Nos avocats sp\u00e9cialis\u00e9s en <strong data-start=\"320\" data-end=\"352\">droit du travail au Cameroun<\/strong> offrent :<\/p><ul data-start=\"366\" data-end=\"595\"><li data-start=\"366\" data-end=\"451\"><p data-start=\"368\" data-end=\"451\"><strong data-start=\"368\" data-end=\"417\">Pr\u00e9paration et d\u00e9p\u00f4t des documents juridiques<\/strong> n\u00e9cessaires pour votre dossier.<\/p><\/li><li data-start=\"452\" data-end=\"521\"><p data-start=\"454\" data-end=\"521\"><strong data-start=\"454\" data-end=\"501\">Repr\u00e9sentation lors des audiences et proc\u00e8s<\/strong> au nom du client.<\/p><\/li><li data-start=\"522\" data-end=\"595\"><p data-start=\"524\" data-end=\"595\"><strong data-start=\"524\" data-end=\"549\">Conseils strat\u00e9giques<\/strong> pour obtenir le meilleur r\u00e9sultat possible.<\/p><\/li><\/ul>\t\t\t\t\t\t\t\t<\/div>\n\t\t\t\t<\/div>\n\t\t<div class=\"elementor-element elementor-element-fab1f31 e-con-full e-flex e-con e-child\" data-id=\"fab1f31\" data-element_type=\"container\" data-e-type=\"container\" data-settings=\"{&quot;background_background&quot;:&quot;classic&quot;}\">\n\t\t\t\t<div class=\"elementor-element elementor-element-e56a563 elementor-widget elementor-widget-heading\" data-id=\"e56a563\" data-element_type=\"widget\" data-e-type=\"widget\" data-widget_type=\"heading.default\">\n\t\t\t\t\t<h2 class=\"elementor-heading-title elementor-size-default\">Relations de Travail et N\u00e9gociation Collective<\/h2>\t\t\t\t<\/div>\n\t\t\t\t<div class=\"elementor-element elementor-element-bc6ddcb elementor-widget elementor-widget-text-editor\" data-id=\"bc6ddcb\" data-element_type=\"widget\" data-e-type=\"widget\" data-widget_type=\"text-editor.default\">\n\t\t\t\t\t\t\t\t\t<p data-start=\"196\" data-end=\"682\">Nous offrons des services complets en mati\u00e8re de relations de travail, incluant la <strong data-start=\"279\" data-end=\"339\">m\u00e9diation dans les conflits entre employeurs et employ\u00e9s<\/strong> et le <strong data-start=\"346\" data-end=\"437\">conseil juridique pour les relations avec les syndicats et les n\u00e9gociations collectives<\/strong>.<br data-start=\"438\" data-end=\"441\" \/>Nous assistons \u00e9galement nos clients dans <strong data-start=\"483\" data-end=\"528\">l\u2019\u00e9laboration de politiques et proc\u00e9dures<\/strong> garantissant un environnement de travail \u00e9quilibr\u00e9 et la <strong data-start=\"586\" data-end=\"633\">protection des droits de toutes les parties<\/strong> conform\u00e9ment aux lois applicables au Cameroun.<\/p>\t\t\t\t\t\t\t\t<\/div>\n\t\t\t\t<\/div>\n\t\t<div class=\"elementor-element elementor-element-042a0c6 e-con-full e-flex e-con e-child\" data-id=\"042a0c6\" data-element_type=\"container\" data-e-type=\"container\" data-settings=\"{&quot;background_background&quot;:&quot;classic&quot;}\">\n\t\t\t\t<div class=\"elementor-element elementor-element-1e89666 elementor-widget elementor-widget-heading\" data-id=\"1e89666\" data-element_type=\"widget\" data-e-type=\"widget\" data-widget_type=\"heading.default\">\n\t\t\t\t\t<h2 class=\"elementor-heading-title elementor-size-default\">Services de Conformit\u00e9 et Conseils Juridiques<\/h2>\t\t\t\t<\/div>\n\t\t\t\t<div class=\"elementor-element elementor-element-8ea0ff7 elementor-widget elementor-widget-text-editor\" data-id=\"8ea0ff7\" data-element_type=\"widget\" data-e-type=\"widget\" data-widget_type=\"text-editor.default\">\n\t\t\t\t\t\t\t\t\t<p data-start=\"180\" data-end=\"373\">Les entreprises qui souhaitent \u00e9viter les litiges doivent respecter scrupuleusement le <strong data-start=\"267\" data-end=\"298\">Code du Travail camerounais<\/strong>.<br data-start=\"299\" data-end=\"302\" \/>Nos avocats sp\u00e9cialis\u00e9s en <strong data-start=\"329\" data-end=\"361\">droit du travail au Cameroun<\/strong> offrent :<\/p><ul data-start=\"375\" data-end=\"703\"><li data-start=\"375\" data-end=\"451\"><p data-start=\"377\" data-end=\"451\"><strong data-start=\"377\" data-end=\"427\">Conseils sur la conformit\u00e9 au droit du travail<\/strong> pour les entreprises.<\/p><\/li><li data-start=\"452\" data-end=\"571\"><p data-start=\"454\" data-end=\"571\"><strong data-start=\"454\" data-end=\"481\">Programmes de formation<\/strong> destin\u00e9s aux employeurs et aux employ\u00e9s afin de comprendre leurs droits et obligations.<\/p><\/li><li data-start=\"572\" data-end=\"703\"><p data-start=\"574\" data-end=\"703\"><strong data-start=\"574\" data-end=\"601\">Mises \u00e0 jour r\u00e9guli\u00e8res<\/strong> sur les changements l\u00e9gislatifs pour garantir que votre entreprise reste en conformit\u00e9 avec la loi.<\/p><\/li><\/ul>\t\t\t\t\t\t\t\t<\/div>\n\t\t\t\t<\/div>\n\t\t<div class=\"elementor-element elementor-element-a153856 e-con-full e-flex e-con e-child\" data-id=\"a153856\" data-element_type=\"container\" data-e-type=\"container\" data-settings=\"{&quot;background_background&quot;:&quot;classic&quot;}\">\n\t\t\t\t<div class=\"elementor-element elementor-element-ec856e3 elementor-widget elementor-widget-heading\" data-id=\"ec856e3\" data-element_type=\"widget\" data-e-type=\"widget\" data-widget_type=\"heading.default\">\n\t\t\t\t\t<h2 class=\"elementor-heading-title elementor-size-default\">Contrats de Travail<\/h2>\t\t\t\t<\/div>\n\t\t\t\t<div class=\"elementor-element elementor-element-92f8025 elementor-widget elementor-widget-text-editor\" data-id=\"92f8025\" data-element_type=\"widget\" data-e-type=\"widget\" data-widget_type=\"text-editor.default\">\n\t\t\t\t\t\t\t\t\t<p data-start=\"165\" data-end=\"631\">Les contrats de travail constituent la base juridique de la relation employeur-employ\u00e9, d\u00e9finissant clairement les droits, responsabilit\u00e9s et conditions d\u2019engagement de chaque partie.<br data-start=\"348\" data-end=\"351\" \/>Nos avocats sp\u00e9cialis\u00e9s en <strong data-start=\"378\" data-end=\"410\">droit du travail au Cameroun<\/strong> offrent des services experts pour <strong data-start=\"445\" data-end=\"516\">la r\u00e9daction, la relecture et la n\u00e9gociation de contrats de travail<\/strong>, afin d\u2019assurer la <strong data-start=\"536\" data-end=\"581\">conformit\u00e9 au Code du Travail camerounais<\/strong> tout en prot\u00e9geant les int\u00e9r\u00eats de nos clients.<\/p>\t\t\t\t\t\t\t\t<\/div>\n\t\t\t\t<\/div>\n\t\t\t\t<\/div>\n\t\t\t\t<\/div>\n\t\t\t\t<\/div>\n\t\t","protected":false},"excerpt":{"rendered":"<p>Avocats en droit du travail au Cameroun \u2013 Sp\u00e9cialistes du droit de l\u2019emploi DN ASSOCIATES AVOCATS &amp; CONSEILS JURIDIQUES Chez DN ASSOCIATES AVOCATS &amp; CONSEILS JURIDIQUES, nous comprenons que la r\u00e9glementation du travail influence directement aussi bien la relation employeur-employ\u00e9 que le fonctionnement global des entreprises. Notre \u00e9quipe d\u2019avocats sp\u00e9cialis\u00e9s en droit du travail au [&hellip;]<\/p>\n","protected":false},"author":1,"featured_media":0,"parent":0,"menu_order":0,"comment_status":"closed","ping_status":"closed","template":"","meta":{"ocean_post_layout":"full-screen","ocean_both_sidebars_style":"","ocean_both_sidebars_content_width":0,"ocean_both_sidebars_sidebars_width":0,"ocean_sidebar":"","ocean_second_sidebar":"","ocean_disable_margins":"enable","ocean_add_body_class":"","ocean_shortcode_before_top_bar":"","ocean_shortcode_after_top_bar":"","ocean_shortcode_before_header":"","ocean_shortcode_after_header":"","ocean_has_shortcode":"","ocean_shortcode_after_title":"","ocean_shortcode_before_footer_widgets":"","ocean_shortcode_after_footer_widgets":"","ocean_shortcode_before_footer_bottom":"","ocean_shortcode_after_footer_bottom":"","ocean_display_top_bar":"default","ocean_display_header":"default","ocean_header_style":"","ocean_center_header_left_menu":"","ocean_custom_header_template":"","ocean_custom_logo":0,"ocean_custom_retina_logo":0,"ocean_custom_logo_max_width":0,"ocean_custom_logo_tablet_max_width":0,"ocean_custom_logo_mobile_max_width":0,"ocean_custom_logo_max_height":0,"ocean_custom_logo_tablet_max_height":0,"ocean_custom_logo_mobile_max_height":0,"ocean_header_custom_menu":"","ocean_menu_typo_font_family":"","ocean_menu_typo_font_subset":"","ocean_menu_typo_font_size":0,"ocean_menu_typo_font_size_tablet":0,"ocean_menu_typo_font_size_mobile":0,"ocean_menu_typo_font_size_unit":"px","ocean_menu_typo_font_weight":"","ocean_menu_typo_font_weight_tablet":"","ocean_menu_typo_font_weight_mobile":"","ocean_menu_typo_transform":"","ocean_menu_typo_transform_tablet":"","ocean_menu_typo_transform_mobile":"","ocean_menu_typo_line_height":0,"ocean_menu_typo_line_height_tablet":0,"ocean_menu_typo_line_height_mobile":0,"ocean_menu_typo_line_height_unit":"","ocean_menu_typo_spacing":0,"ocean_menu_typo_spacing_tablet":0,"ocean_menu_typo_spacing_mobile":0,"ocean_menu_typo_spacing_unit":"","ocean_menu_link_color":"","ocean_menu_link_color_hover":"","ocean_menu_link_color_active":"","ocean_menu_link_background":"","ocean_menu_link_hover_background":"","ocean_menu_link_active_background":"","ocean_menu_social_links_bg":"","ocean_menu_social_hover_links_bg":"","ocean_menu_social_links_color":"","ocean_menu_social_hover_links_color":"","ocean_disable_title":"on","ocean_disable_heading":"default","ocean_post_title":"","ocean_post_subheading":"","ocean_post_title_style":"","ocean_post_title_background_color":"","ocean_post_title_background":0,"ocean_post_title_bg_image_position":"","ocean_post_title_bg_image_attachment":"","ocean_post_title_bg_image_repeat":"","ocean_post_title_bg_image_size":"","ocean_post_title_height":0,"ocean_post_title_bg_overlay":0.5,"ocean_post_title_bg_overlay_color":"","ocean_disable_breadcrumbs":"default","ocean_breadcrumbs_color":"","ocean_breadcrumbs_separator_color":"","ocean_breadcrumbs_links_color":"","ocean_breadcrumbs_links_hover_color":"","ocean_display_footer_widgets":"default","ocean_display_footer_bottom":"default","ocean_custom_footer_template":"","footnotes":""},"class_list":["post-17","page","type-page","status-publish","hentry","entry"],"_links":{"self":[{"href":"https:\/\/cabinetngos.com\/index.php\/wp-json\/wp\/v2\/pages\/17","targetHints":{"allow":["GET"]}}],"collection":[{"href":"https:\/\/cabinetngos.com\/index.php\/wp-json\/wp\/v2\/pages"}],"about":[{"href":"https:\/\/cabinetngos.com\/index.php\/wp-json\/wp\/v2\/types\/page"}],"author":[{"embeddable":true,"href":"https:\/\/cabinetngos.com\/index.php\/wp-json\/wp\/v2\/users\/1"}],"replies":[{"embeddable":true,"href":"https:\/\/cabinetngos.com\/index.php\/wp-json\/wp\/v2\/comments?post=17"}],"version-history":[{"count":62,"href":"https:\/\/cabinetngos.com\/index.php\/wp-json\/wp\/v2\/pages\/17\/revisions"}],"predecessor-version":[{"id":804,"href":"https:\/\/cabinetngos.com\/index.php\/wp-json\/wp\/v2\/pages\/17\/revisions\/804"}],"wp:attachment":[{"href":"https:\/\/cabinetngos.com\/index.php\/wp-json\/wp\/v2\/media?parent=17"}],"curies":[{"name":"wp","href":"https:\/\/api.w.org\/{rel}","templated":true}]}}