{"id":1069,"date":"2025-12-19T18:29:52","date_gmt":"2025-12-19T18:29:52","guid":{"rendered":"https:\/\/cabinetngos.com\/?page_id=1069"},"modified":"2025-12-20T06:24:46","modified_gmt":"2025-12-20T06:24:46","slug":"apropose","status":"publish","type":"page","link":"https:\/\/cabinetngos.com\/index.php\/apropose\/","title":{"rendered":"\u00c0 propos"},"content":{"rendered":"\t\t<div data-elementor-type=\"wp-page\" data-elementor-id=\"1069\" class=\"elementor elementor-1069\">\n\t\t\t\t<div class=\"elementor-element elementor-element-1f6b77a e-con-full e-flex e-con e-parent\" data-id=\"1f6b77a\" data-element_type=\"container\" data-e-type=\"container\" data-settings=\"{&quot;background_background&quot;:&quot;classic&quot;}\">\n\t\t<div class=\"elementor-element elementor-element-e92a405 e-con-full e-flex e-con e-child\" data-id=\"e92a405\" data-element_type=\"container\" data-e-type=\"container\" data-settings=\"{&quot;background_background&quot;:&quot;classic&quot;}\">\n\t\t\t\t<div class=\"elementor-element elementor-element-fd66a01 elementor-widget elementor-widget-heading\" data-id=\"fd66a01\" data-element_type=\"widget\" data-e-type=\"widget\" data-widget_type=\"heading.default\">\n\t\t\t\t\t<h2 class=\"elementor-heading-title elementor-size-default\">\u00c0 propos de notre cabinet<\/h2>\t\t\t\t<\/div>\n\t\t\t\t<div class=\"elementor-element elementor-element-74ae80c elementor-widget elementor-widget-text-editor\" data-id=\"74ae80c\" data-element_type=\"widget\" data-e-type=\"widget\" data-widget_type=\"text-editor.default\">\n\t\t\t\t\t\t\t\t\t<p>D\u00e9couvrez notre histoire, nos valeurs et notre engagement envers la justice et la satisfaction de <br \/>nos clients.<\/p>\t\t\t\t\t\t\t\t<\/div>\n\t\t\t\t<\/div>\n\t\t\t\t<\/div>\n\t\t<div class=\"elementor-element elementor-element-e1a97c7 e-con-full e-flex e-con e-parent\" data-id=\"e1a97c7\" data-element_type=\"container\" data-e-type=\"container\" data-settings=\"{&quot;background_background&quot;:&quot;classic&quot;}\">\n\t\t\t\t<div class=\"elementor-element elementor-element-82af362 elementor-widget elementor-widget-heading\" data-id=\"82af362\" data-element_type=\"widget\" data-e-type=\"widget\" data-widget_type=\"heading.default\">\n\t\t\t\t\t<h2 class=\"elementor-heading-title elementor-size-default\">Notre Philosophie<\/h2>\t\t\t\t<\/div>\n\t\t\t\t<div class=\"elementor-element elementor-element-c1a6854 elementor-widget elementor-widget-text-editor\" data-id=\"c1a6854\" data-element_type=\"widget\" data-e-type=\"widget\" data-widget_type=\"text-editor.default\">\n\t\t\t\t\t\t\t\t\t<p>Au coeur de notre pratique se trouve un engagement envers l&rsquo;excellence, l&rsquo;integriteet des resultats<br \/>exceptionnels pour ceux que nous representons. Nous combinons tradition juridique et innovation<br \/>pour offrir des solutions sur mesure.<\/p>\t\t\t\t\t\t\t\t<\/div>\n\t\t<div class=\"elementor-element elementor-element-4325be0 e-grid e-con-full e-con e-child\" data-id=\"4325be0\" data-element_type=\"container\" data-e-type=\"container\">\n\t\t<div class=\"elementor-element elementor-element-87dff23 e-con-full e-flex e-con e-child\" data-id=\"87dff23\" data-element_type=\"container\" data-e-type=\"container\">\n\t\t\t\t<div class=\"elementor-element elementor-element-035f8e2 elementor-widget elementor-widget-image\" data-id=\"035f8e2\" data-element_type=\"widget\" data-e-type=\"widget\" data-widget_type=\"image.default\">\n\t\t\t\t\t\t\t\t\t\t\t\t\t\t\t<img fetchpriority=\"high\" decoding=\"async\" width=\"500\" height=\"300\" src=\"https:\/\/cabinetngos.com\/wp-content\/uploads\/2025\/12\/New-Project-2025-12-19T200248.012.webp\" class=\"attachment-medium_large size-medium_large wp-image-1093\" alt=\"\" srcset=\"https:\/\/cabinetngos.com\/wp-content\/uploads\/2025\/12\/New-Project-2025-12-19T200248.012.webp 500w, https:\/\/cabinetngos.com\/wp-content\/uploads\/2025\/12\/New-Project-2025-12-19T200248.012-300x180.webp 300w\" sizes=\"(max-width: 500px) 100vw, 500px\" \/>\t\t\t\t\t\t\t\t\t\t\t\t\t\t\t<\/div>\n\t\t\t\t<div class=\"elementor-element elementor-element-1852f5f elementor-widget elementor-widget-heading\" data-id=\"1852f5f\" data-element_type=\"widget\" data-e-type=\"widget\" data-widget_type=\"heading.default\">\n\t\t\t\t\t<h2 class=\"elementor-heading-title elementor-size-default\">Notre Mission<\/h2>\t\t\t\t<\/div>\n\t\t\t\t<div class=\"elementor-element elementor-element-1562d29 elementor-widget elementor-widget-text-editor\" data-id=\"1562d29\" data-element_type=\"widget\" data-e-type=\"widget\" data-widget_type=\"text-editor.default\">\n\t\t\t\t\t\t\t\t\t<p>Notre mission est de permettre \u00e0 nos clients de b\u00e9n\u00e9ficier d\u2019une expertise juridique in\u00e9gal\u00e9e et d\u2019un accompagnement personnalis\u00e9 gr\u00e2ce \u00e0 nos avocats d\u00e9di\u00e9s, garantissant justice et succ\u00e8s \u00e0 chaque \u00e9tape.<\/p>\t\t\t\t\t\t\t\t<\/div>\n\t\t\t\t<\/div>\n\t\t<div class=\"elementor-element elementor-element-74bb7d1 e-con-full e-flex e-con e-child\" data-id=\"74bb7d1\" data-element_type=\"container\" data-e-type=\"container\">\n\t\t\t\t<div class=\"elementor-element elementor-element-1a919ad elementor-widget elementor-widget-image\" data-id=\"1a919ad\" data-element_type=\"widget\" data-e-type=\"widget\" data-widget_type=\"image.default\">\n\t\t\t\t\t\t\t\t\t\t\t\t\t\t\t<img decoding=\"async\" width=\"500\" height=\"300\" src=\"https:\/\/cabinetngos.com\/wp-content\/uploads\/2025\/12\/New-Project-2025-12-19T200045.402.webp\" class=\"attachment-medium_large size-medium_large wp-image-1092\" alt=\"\" srcset=\"https:\/\/cabinetngos.com\/wp-content\/uploads\/2025\/12\/New-Project-2025-12-19T200045.402.webp 500w, https:\/\/cabinetngos.com\/wp-content\/uploads\/2025\/12\/New-Project-2025-12-19T200045.402-300x180.webp 300w\" sizes=\"(max-width: 500px) 100vw, 500px\" \/>\t\t\t\t\t\t\t\t\t\t\t\t\t\t\t<\/div>\n\t\t\t\t<div class=\"elementor-element elementor-element-927a5ff elementor-widget elementor-widget-heading\" data-id=\"927a5ff\" data-element_type=\"widget\" data-e-type=\"widget\" data-widget_type=\"heading.default\">\n\t\t\t\t\t<h2 class=\"elementor-heading-title elementor-size-default\">Notre Vision<\/h2>\t\t\t\t<\/div>\n\t\t\t\t<div class=\"elementor-element elementor-element-a575525 elementor-widget elementor-widget-text-editor\" data-id=\"a575525\" data-element_type=\"widget\" data-e-type=\"widget\" data-widget_type=\"text-editor.default\">\n\t\t\t\t\t\t\t\t\t<p>Notre objectif est de fournir des strat\u00e9gies juridiques expertes et personnalis\u00e9es \u00e0 travers nos professionnels du droit qualifi\u00e9s, prot\u00e9geant vos int\u00e9r\u00eats et favorisant un succ\u00e8s durable.<\/p>\t\t\t\t\t\t\t\t<\/div>\n\t\t\t\t<\/div>\n\t\t\t\t<\/div>\n\t\t\t\t<\/div>\n\t\t<div class=\"elementor-element elementor-element-862842d e-con-full e-flex e-con e-parent\" data-id=\"862842d\" data-element_type=\"container\" data-e-type=\"container\" data-settings=\"{&quot;background_background&quot;:&quot;classic&quot;}\">\n\t\t\t\t<div class=\"elementor-element elementor-element-8045522 elementor-widget elementor-widget-heading\" data-id=\"8045522\" data-element_type=\"widget\" data-e-type=\"widget\" data-widget_type=\"heading.default\">\n\t\t\t\t\t<h2 class=\"elementor-heading-title elementor-size-default\">Nos Valeurs Fondamentales<\/h2>\t\t\t\t<\/div>\n\t\t<div class=\"elementor-element elementor-element-09942f8 e-grid e-con-full e-con e-child\" data-id=\"09942f8\" data-element_type=\"container\" data-e-type=\"container\">\n\t\t<div class=\"elementor-element elementor-element-142d34a e-con-full e-flex e-con e-child\" data-id=\"142d34a\" data-element_type=\"container\" data-e-type=\"container\" data-settings=\"{&quot;background_background&quot;:&quot;classic&quot;}\">\n\t\t\t\t<div class=\"elementor-element elementor-element-bca16d4 elementor-view-default elementor-widget elementor-widget-icon\" data-id=\"bca16d4\" data-element_type=\"widget\" data-e-type=\"widget\" data-widget_type=\"icon.default\">\n\t\t\t\t\t\t\t<div class=\"elementor-icon-wrapper\">\n\t\t\t<div class=\"elementor-icon\">\n\t\t\t<svg aria-hidden=\"true\" class=\"e-font-icon-svg e-fas-check-circle\" viewBox=\"0 0 512 512\" xmlns=\"http:\/\/www.w3.org\/2000\/svg\"><path d=\"M504 256c0 136.967-111.033 248-248 248S8 392.967 8 256 119.033 8 256 8s248 111.033 248 248zM227.314 387.314l184-184c6.248-6.248 6.248-16.379 0-22.627l-22.627-22.627c-6.248-6.249-16.379-6.249-22.628 0L216 308.118l-70.059-70.059c-6.248-6.248-16.379-6.248-22.628 0l-22.627 22.627c-6.248 6.248-6.248 16.379 0 22.627l104 104c6.249 6.249 16.379 6.249 22.628.001z\"><\/path><\/svg>\t\t\t<\/div>\n\t\t<\/div>\n\t\t\t\t\t\t<\/div>\n\t\t\t\t<div class=\"elementor-element elementor-element-569ec7f elementor-widget elementor-widget-heading\" data-id=\"569ec7f\" data-element_type=\"widget\" data-e-type=\"widget\" data-widget_type=\"heading.default\">\n\t\t\t\t\t<h2 class=\"elementor-heading-title elementor-size-default\">Int\u00e9grit\u00e9<\/h2>\t\t\t\t<\/div>\n\t\t\t\t<div class=\"elementor-element elementor-element-a7cf589 elementor-widget elementor-widget-text-editor\" data-id=\"a7cf589\" data-element_type=\"widget\" data-e-type=\"widget\" data-widget_type=\"text-editor.default\">\n\t\t\t\t\t\t\t\t\t<p><strong>Nous agissons avec la plus grande honn\u00eatet\u00e9 et transparence dans toutes nos interactions.<\/strong><\/p>\t\t\t\t\t\t\t\t<\/div>\n\t\t\t\t<\/div>\n\t\t<div class=\"elementor-element elementor-element-fec9781 e-con-full e-flex e-con e-child\" data-id=\"fec9781\" data-element_type=\"container\" data-e-type=\"container\" data-settings=\"{&quot;background_background&quot;:&quot;classic&quot;}\">\n\t\t\t\t<div class=\"elementor-element elementor-element-a36db5f elementor-view-default elementor-widget elementor-widget-icon\" data-id=\"a36db5f\" data-element_type=\"widget\" data-e-type=\"widget\" data-widget_type=\"icon.default\">\n\t\t\t\t\t\t\t<div class=\"elementor-icon-wrapper\">\n\t\t\t<div class=\"elementor-icon\">\n\t\t\t<svg aria-hidden=\"true\" class=\"e-font-icon-svg e-fas-medal\" viewBox=\"0 0 512 512\" xmlns=\"http:\/\/www.w3.org\/2000\/svg\"><path d=\"M223.75 130.75L154.62 15.54A31.997 31.997 0 0 0 127.18 0H16.03C3.08 0-4.5 14.57 2.92 25.18l111.27 158.96c29.72-27.77 67.52-46.83 109.56-53.39zM495.97 0H384.82c-11.24 0-21.66 5.9-27.44 15.54l-69.13 115.21c42.04 6.56 79.84 25.62 109.56 53.38L509.08 25.18C516.5 14.57 508.92 0 495.97 0zM256 160c-97.2 0-176 78.8-176 176s78.8 176 176 176 176-78.8 176-176-78.8-176-176-176zm92.52 157.26l-37.93 36.96 8.97 52.22c1.6 9.36-8.26 16.51-16.65 12.09L256 393.88l-46.9 24.65c-8.4 4.45-18.25-2.74-16.65-12.09l8.97-52.22-37.93-36.96c-6.82-6.64-3.05-18.23 6.35-19.59l52.43-7.64 23.43-47.52c2.11-4.28 6.19-6.39 10.28-6.39 4.11 0 8.22 2.14 10.33 6.39l23.43 47.52 52.43 7.64c9.4 1.36 13.17 12.95 6.35 19.59z\"><\/path><\/svg>\t\t\t<\/div>\n\t\t<\/div>\n\t\t\t\t\t\t<\/div>\n\t\t\t\t<div class=\"elementor-element elementor-element-b979b7c elementor-widget elementor-widget-heading\" data-id=\"b979b7c\" data-element_type=\"widget\" data-e-type=\"widget\" data-widget_type=\"heading.default\">\n\t\t\t\t\t<h2 class=\"elementor-heading-title elementor-size-default\">Excellence<\/h2>\t\t\t\t<\/div>\n\t\t\t\t<div class=\"elementor-element elementor-element-46b052b elementor-widget elementor-widget-text-editor\" data-id=\"46b052b\" data-element_type=\"widget\" data-e-type=\"widget\" data-widget_type=\"text-editor.default\">\n\t\t\t\t\t\t\t\t\t<p><strong>Nous visons l\u2019excellence dans chaque dossier que nous traitons, en apportant une expertise de haut niveau.<\/strong><\/p>\t\t\t\t\t\t\t\t<\/div>\n\t\t\t\t<\/div>\n\t\t<div class=\"elementor-element elementor-element-98b978c e-con-full e-flex e-con e-child\" data-id=\"98b978c\" data-element_type=\"container\" data-e-type=\"container\" data-settings=\"{&quot;background_background&quot;:&quot;classic&quot;}\">\n\t\t\t\t<div class=\"elementor-element elementor-element-a943c0e elementor-view-default elementor-widget elementor-widget-icon\" data-id=\"a943c0e\" data-element_type=\"widget\" data-e-type=\"widget\" data-widget_type=\"icon.default\">\n\t\t\t\t\t\t\t<div class=\"elementor-icon-wrapper\">\n\t\t\t<div class=\"elementor-icon\">\n\t\t\t<svg aria-hidden=\"true\" class=\"e-font-icon-svg e-fas-users\" viewBox=\"0 0 640 512\" xmlns=\"http:\/\/www.w3.org\/2000\/svg\"><path d=\"M96 224c35.3 0 64-28.7 64-64s-28.7-64-64-64-64 28.7-64 64 28.7 64 64 64zm448 0c35.3 0 64-28.7 64-64s-28.7-64-64-64-64 28.7-64 64 28.7 64 64 64zm32 32h-64c-17.6 0-33.5 7.1-45.1 18.6 40.3 22.1 68.9 62 75.1 109.4h66c17.7 0 32-14.3 32-32v-32c0-35.3-28.7-64-64-64zm-256 0c61.9 0 112-50.1 112-112S381.9 32 320 32 208 82.1 208 144s50.1 112 112 112zm76.8 32h-8.3c-20.8 10-43.9 16-68.5 16s-47.6-6-68.5-16h-8.3C179.6 288 128 339.6 128 403.2V432c0 26.5 21.5 48 48 48h288c26.5 0 48-21.5 48-48v-28.8c0-63.6-51.6-115.2-115.2-115.2zm-223.7-13.4C161.5 263.1 145.6 256 128 256H64c-35.3 0-64 28.7-64 64v32c0 17.7 14.3 32 32 32h65.9c6.3-47.4 34.9-87.3 75.2-109.4z\"><\/path><\/svg>\t\t\t<\/div>\n\t\t<\/div>\n\t\t\t\t\t\t<\/div>\n\t\t\t\t<div class=\"elementor-element elementor-element-524042c elementor-widget elementor-widget-heading\" data-id=\"524042c\" data-element_type=\"widget\" data-e-type=\"widget\" data-widget_type=\"heading.default\">\n\t\t\t\t\t<h2 class=\"elementor-heading-title elementor-size-default\">Engagement<\/h2>\t\t\t\t<\/div>\n\t\t\t\t<div class=\"elementor-element elementor-element-5d0bbf4 elementor-widget elementor-widget-text-editor\" data-id=\"5d0bbf4\" data-element_type=\"widget\" data-e-type=\"widget\" data-widget_type=\"text-editor.default\">\n\t\t\t\t\t\t\t\t\t<p><strong>Nous sommes enti\u00e8rement d\u00e9vou\u00e9s \u00e0 la r\u00e9ussite de nos clients et \u00e0 la d\u00e9fense de leurs droits.<\/strong><\/p>\t\t\t\t\t\t\t\t<\/div>\n\t\t\t\t<\/div>\n\t\t<div class=\"elementor-element elementor-element-bcefd5b e-con-full e-flex e-con e-child\" data-id=\"bcefd5b\" data-element_type=\"container\" data-e-type=\"container\" data-settings=\"{&quot;background_background&quot;:&quot;classic&quot;}\">\n\t\t\t\t<div class=\"elementor-element elementor-element-b217c29 elementor-view-default elementor-widget elementor-widget-icon\" data-id=\"b217c29\" data-element_type=\"widget\" data-e-type=\"widget\" data-widget_type=\"icon.default\">\n\t\t\t\t\t\t\t<div class=\"elementor-icon-wrapper\">\n\t\t\t<div class=\"elementor-icon\">\n\t\t\t<svg aria-hidden=\"true\" class=\"e-font-icon-svg e-fas-handshake\" viewBox=\"0 0 640 512\" xmlns=\"http:\/\/www.w3.org\/2000\/svg\"><path d=\"M434.7 64h-85.9c-8 0-15.7 3-21.6 8.4l-98.3 90c-.1.1-.2.3-.3.4-16.6 15.6-16.3 40.5-2.1 56 12.7 13.9 39.4 17.6 56.1 2.7.1-.1.3-.1.4-.2l79.9-73.2c6.5-5.9 16.7-5.5 22.6 1 6 6.5 5.5 16.6-1 22.6l-26.1 23.9L504 313.8c2.9 2.4 5.5 5 7.9 7.7V128l-54.6-54.6c-5.9-6-14.1-9.4-22.6-9.4zM544 128.2v223.9c0 17.7 14.3 32 32 32h64V128.2h-96zm48 223.9c-8.8 0-16-7.2-16-16s7.2-16 16-16 16 7.2 16 16-7.2 16-16 16zM0 384h64c17.7 0 32-14.3 32-32V128.2H0V384zm48-63.9c8.8 0 16 7.2 16 16s-7.2 16-16 16-16-7.2-16-16c0-8.9 7.2-16 16-16zm435.9 18.6L334.6 217.5l-30 27.5c-29.7 27.1-75.2 24.5-101.7-4.4-26.9-29.4-24.8-74.9 4.4-101.7L289.1 64h-83.8c-8.5 0-16.6 3.4-22.6 9.4L128 128v223.9h18.3l90.5 81.9c27.4 22.3 67.7 18.1 90-9.3l.2-.2 17.9 15.5c15.9 13 39.4 10.5 52.3-5.4l31.4-38.6 5.4 4.4c13.7 11.1 33.9 9.1 45-4.7l9.5-11.7c11.2-13.8 9.1-33.9-4.6-45.1z\"><\/path><\/svg>\t\t\t<\/div>\n\t\t<\/div>\n\t\t\t\t\t\t<\/div>\n\t\t\t\t<div class=\"elementor-element elementor-element-3555f27 elementor-widget elementor-widget-heading\" data-id=\"3555f27\" data-element_type=\"widget\" data-e-type=\"widget\" data-widget_type=\"heading.default\">\n\t\t\t\t\t<h2 class=\"elementor-heading-title elementor-size-default\">Respect<\/h2>\t\t\t\t<\/div>\n\t\t\t\t<div class=\"elementor-element elementor-element-466f158 elementor-widget elementor-widget-text-editor\" data-id=\"466f158\" data-element_type=\"widget\" data-e-type=\"widget\" data-widget_type=\"text-editor.default\">\n\t\t\t\t\t\t\t\t\t<p><strong>Traitons nos clients, nos associ\u00e9s et la justice avec le plus grand respect.<\/strong><\/p>\t\t\t\t\t\t\t\t<\/div>\n\t\t\t\t<\/div>\n\t\t\t\t<\/div>\n\t\t\t\t<\/div>\n\t\t<div class=\"elementor-element elementor-element-fac9b60 e-con-full e-flex e-con e-parent\" data-id=\"fac9b60\" data-element_type=\"container\" data-e-type=\"container\" data-settings=\"{&quot;background_background&quot;:&quot;classic&quot;}\">\n\t\t\t\t<div class=\"elementor-element elementor-element-300178d elementor-widget elementor-widget-heading\" data-id=\"300178d\" data-element_type=\"widget\" data-e-type=\"widget\" data-widget_type=\"heading.default\">\n\t\t\t\t\t<h2 class=\"elementor-heading-title elementor-size-default\">Rencontrer nos Fondamenteurs<\/h2>\t\t\t\t<\/div>\n\t\t<div class=\"elementor-element elementor-element-f35855a e-grid e-con-boxed e-con e-child\" data-id=\"f35855a\" data-element_type=\"container\" data-e-type=\"container\">\n\t\t\t\t\t<div class=\"e-con-inner\">\n\t\t<div class=\"elementor-element elementor-element-8234d2b e-con-full e-flex e-con e-child\" data-id=\"8234d2b\" data-element_type=\"container\" data-e-type=\"container\">\n\t\t\t\t<div class=\"elementor-element elementor-element-15f90d0 elementor-widget elementor-widget-image\" data-id=\"15f90d0\" data-element_type=\"widget\" data-e-type=\"widget\" data-widget_type=\"image.default\">\n\t\t\t\t\t\t\t\t\t\t\t\t\t\t\t<img decoding=\"async\" width=\"768\" height=\"969\" src=\"https:\/\/cabinetngos.com\/wp-content\/uploads\/2025\/12\/18194931-b2b8-4284-8e54-4c1aec1027db-768x969.jpg\" class=\"attachment-medium_large size-medium_large wp-image-125\" alt=\"\" srcset=\"https:\/\/cabinetngos.com\/wp-content\/uploads\/2025\/12\/18194931-b2b8-4284-8e54-4c1aec1027db-768x969.jpg 768w, https:\/\/cabinetngos.com\/wp-content\/uploads\/2025\/12\/18194931-b2b8-4284-8e54-4c1aec1027db-238x300.jpg 238w, https:\/\/cabinetngos.com\/wp-content\/uploads\/2025\/12\/18194931-b2b8-4284-8e54-4c1aec1027db-812x1024.jpg 812w, https:\/\/cabinetngos.com\/wp-content\/uploads\/2025\/12\/18194931-b2b8-4284-8e54-4c1aec1027db-1217x1536.jpg 1217w, https:\/\/cabinetngos.com\/wp-content\/uploads\/2025\/12\/18194931-b2b8-4284-8e54-4c1aec1027db-1623x2048.jpg 1623w, https:\/\/cabinetngos.com\/wp-content\/uploads\/2025\/12\/18194931-b2b8-4284-8e54-4c1aec1027db.jpg 2029w\" sizes=\"(max-width: 768px) 100vw, 768px\" \/>\t\t\t\t\t\t\t\t\t\t\t\t\t\t\t<\/div>\n\t\t\t\t<\/div>\n\t\t<div class=\"elementor-element elementor-element-9412d4b e-con-full e-flex e-con e-child\" data-id=\"9412d4b\" data-element_type=\"container\" data-e-type=\"container\">\n\t\t\t\t<div class=\"elementor-element elementor-element-3100e2a elementor-widget elementor-widget-text-editor\" data-id=\"3100e2a\" data-element_type=\"widget\" data-e-type=\"widget\" data-widget_type=\"text-editor.default\">\n\t\t\t\t\t\t\t\t\t<p>Associ\u00e9 G\u00e9rant<\/p>\t\t\t\t\t\t\t\t<\/div>\n\t\t\t\t<div class=\"elementor-element elementor-element-c8b86ad elementor-widget elementor-widget-heading\" data-id=\"c8b86ad\" data-element_type=\"widget\" data-e-type=\"widget\" data-widget_type=\"heading.default\">\n\t\t\t\t\t<h2 class=\"elementor-heading-title elementor-size-default\">Me Daniel Blaise Ngos<\/h2>\t\t\t\t<\/div>\n\t\t\t\t<div class=\"elementor-element elementor-element-15d401d elementor-widget elementor-widget-text-editor\" data-id=\"15d401d\" data-element_type=\"widget\" data-e-type=\"widget\" data-widget_type=\"text-editor.default\">\n\t\t\t\t\t\t\t\t\t<p data-start=\"183\" data-end=\"586\">Me Daniel Blaise Ngos est Associ\u00e9 G\u00e9rant de SCPA DN ASSOCIATES AVOCATS et avocat au Barreau du Cameroun, dipl\u00f4m\u00e9 en propri\u00e9t\u00e9 intellectuelle et titulaire d\u2019une Ma\u00eetrise en Droit priv\u00e9. Avec plusieurs ann\u00e9es d\u2019exp\u00e9rience dans diff\u00e9rents domaines du droit, Me NGOS se sp\u00e9cialise notamment en droit du travail, droit p\u00e9nal, droit des soci\u00e9t\u00e9s, droit des contrats, droit de la famille et droit immobilier.<\/p><p data-start=\"588\" data-end=\"992\">Son expertise \u00e9tendue lui permet de conseiller une client\u00e8le vari\u00e9e, allant des entreprises, organisations et particuliers, en passant par les acteurs du march\u00e9 immobilier au Cameroun. Me Ngos a acquis une exp\u00e9rience pr\u00e9cieuse en travaillant aux c\u00f4t\u00e9s de cabinets renomm\u00e9s, perfectionnant ainsi ses comp\u00e9tences en mati\u00e8re de repr\u00e9sentation juridique, de conseil strat\u00e9gique et de r\u00e9solution de litiges.<\/p><p data-start=\"994\" data-end=\"1256\">Gr\u00e2ce \u00e0 sa connaissance approfondie du droit camerounais et \u00e0 son parcours professionnel riche, Me Daniel Blaise Ngos est capable d\u2019offrir des conseils juridiques de qualit\u00e9, adapt\u00e9s \u00e0 chaque situation et garantissant la protection des int\u00e9r\u00eats de ses clients.<\/p>\t\t\t\t\t\t\t\t<\/div>\n\t\t\t\t<\/div>\n\t\t\t\t\t<\/div>\n\t\t\t\t<\/div>\n\t\t\t\t<\/div>\n\t\t<div class=\"elementor-element elementor-element-3a4b0e8 e-con-full e-flex e-con e-parent\" data-id=\"3a4b0e8\" data-element_type=\"container\" data-e-type=\"container\" data-settings=\"{&quot;background_background&quot;:&quot;classic&quot;}\">\n\t\t<div class=\"elementor-element elementor-element-09396d3 e-con-full e-flex e-con e-child\" data-id=\"09396d3\" data-element_type=\"container\" data-e-type=\"container\" data-settings=\"{&quot;background_background&quot;:&quot;classic&quot;}\">\n\t\t\t\t<div class=\"elementor-element elementor-element-a698052 elementor-widget elementor-widget-heading\" data-id=\"a698052\" data-element_type=\"widget\" data-e-type=\"widget\" data-widget_type=\"heading.default\">\n\t\t\t\t\t<h2 class=\"elementor-heading-title elementor-size-default\">Pr\u00eat \u00e0 discuter de votre cas ?<\/h2>\t\t\t\t<\/div>\n\t\t\t\t<div class=\"elementor-element elementor-element-1ffcc56 elementor-widget elementor-widget-text-editor\" data-id=\"1ffcc56\" data-element_type=\"widget\" data-e-type=\"widget\" data-widget_type=\"text-editor.default\">\n\t\t\t\t\t\t\t\t\t<p>Notre \u00e9quipe est \u00e0 votre disposition pour vous offrir des conseils juridiques et des strat\u00e9gies personnalis\u00e9es.<br \/>Contactez-nous pour une premi\u00e8re consultation.<\/p>\t\t\t\t\t\t\t\t<\/div>\n\t\t\t\t<div class=\"elementor-element elementor-element-9f87fe4 elementor-align-center elementor-widget elementor-widget-button\" data-id=\"9f87fe4\" data-element_type=\"widget\" data-e-type=\"widget\" data-widget_type=\"button.default\">\n\t\t\t\t\t\t\t\t\t\t<a class=\"elementor-button elementor-button-link elementor-size-sm\" href=\"https:\/\/cabinetngos.com\/index.php\/services\/\">\n\t\t\t\t\t\t<span class=\"elementor-button-content-wrapper\">\n\t\t\t\t\t\t\t\t\t<span class=\"elementor-button-text\">Decouvrir nos Domaines d'Expertise<\/span>\n\t\t\t\t\t<\/span>\n\t\t\t\t\t<\/a>\n\t\t\t\t\t\t\t\t<\/div>\n\t\t\t\t<\/div>\n\t\t\t\t<\/div>\n\t\t\t\t<\/div>\n\t\t","protected":false},"excerpt":{"rendered":"<p>\u00c0 propos de notre cabinet D\u00e9couvrez notre histoire, nos valeurs et notre engagement envers la justice et la satisfaction de nos clients. Notre Philosophie Au coeur de notre pratique se trouve un engagement envers l&rsquo;excellence, l&rsquo;integriteet des resultatsexceptionnels pour ceux que nous representons. Nous combinons tradition juridique et innovationpour offrir des solutions sur mesure. Notre [&hellip;]<\/p>\n","protected":false},"author":1,"featured_media":0,"parent":0,"menu_order":0,"comment_status":"closed","ping_status":"closed","template":"","meta":{"ocean_post_layout":"full-screen","ocean_both_sidebars_style":"","ocean_both_sidebars_content_width":0,"ocean_both_sidebars_sidebars_width":0,"ocean_sidebar":"","ocean_second_sidebar":"","ocean_disable_margins":"enable","ocean_add_body_class":"","ocean_shortcode_before_top_bar":"","ocean_shortcode_after_top_bar":"","ocean_shortcode_before_header":"","ocean_shortcode_after_header":"","ocean_has_shortcode":"","ocean_shortcode_after_title":"","ocean_shortcode_before_footer_widgets":"","ocean_shortcode_after_footer_widgets":"","ocean_shortcode_before_footer_bottom":"","ocean_shortcode_after_footer_bottom":"","ocean_display_top_bar":"default","ocean_display_header":"default","ocean_header_style":"","ocean_center_header_left_menu":"","ocean_custom_header_template":"","ocean_custom_logo":0,"ocean_custom_retina_logo":0,"ocean_custom_logo_max_width":0,"ocean_custom_logo_tablet_max_width":0,"ocean_custom_logo_mobile_max_width":0,"ocean_custom_logo_max_height":0,"ocean_custom_logo_tablet_max_height":0,"ocean_custom_logo_mobile_max_height":0,"ocean_header_custom_menu":"","ocean_menu_typo_font_family":"","ocean_menu_typo_font_subset":"","ocean_menu_typo_font_size":0,"ocean_menu_typo_font_size_tablet":0,"ocean_menu_typo_font_size_mobile":0,"ocean_menu_typo_font_size_unit":"px","ocean_menu_typo_font_weight":"","ocean_menu_typo_font_weight_tablet":"","ocean_menu_typo_font_weight_mobile":"","ocean_menu_typo_transform":"","ocean_menu_typo_transform_tablet":"","ocean_menu_typo_transform_mobile":"","ocean_menu_typo_line_height":0,"ocean_menu_typo_line_height_tablet":0,"ocean_menu_typo_line_height_mobile":0,"ocean_menu_typo_line_height_unit":"","ocean_menu_typo_spacing":0,"ocean_menu_typo_spacing_tablet":0,"ocean_menu_typo_spacing_mobile":0,"ocean_menu_typo_spacing_unit":"","ocean_menu_link_color":"","ocean_menu_link_color_hover":"","ocean_menu_link_color_active":"","ocean_menu_link_background":"","ocean_menu_link_hover_background":"","ocean_menu_link_active_background":"","ocean_menu_social_links_bg":"","ocean_menu_social_hover_links_bg":"","ocean_menu_social_links_color":"","ocean_menu_social_hover_links_color":"","ocean_disable_title":"on","ocean_disable_heading":"default","ocean_post_title":"","ocean_post_subheading":"","ocean_post_title_style":"","ocean_post_title_background_color":"","ocean_post_title_background":0,"ocean_post_title_bg_image_position":"","ocean_post_title_bg_image_attachment":"","ocean_post_title_bg_image_repeat":"","ocean_post_title_bg_image_size":"","ocean_post_title_height":0,"ocean_post_title_bg_overlay":0.5,"ocean_post_title_bg_overlay_color":"","ocean_disable_breadcrumbs":"default","ocean_breadcrumbs_color":"","ocean_breadcrumbs_separator_color":"","ocean_breadcrumbs_links_color":"","ocean_breadcrumbs_links_hover_color":"","ocean_display_footer_widgets":"default","ocean_display_footer_bottom":"default","ocean_custom_footer_template":"","footnotes":""},"class_list":["post-1069","page","type-page","status-publish","hentry","entry"],"_links":{"self":[{"href":"https:\/\/cabinetngos.com\/index.php\/wp-json\/wp\/v2\/pages\/1069","targetHints":{"allow":["GET"]}}],"collection":[{"href":"https:\/\/cabinetngos.com\/index.php\/wp-json\/wp\/v2\/pages"}],"about":[{"href":"https:\/\/cabinetngos.com\/index.php\/wp-json\/wp\/v2\/types\/page"}],"author":[{"embeddable":true,"href":"https:\/\/cabinetngos.com\/index.php\/wp-json\/wp\/v2\/users\/1"}],"replies":[{"embeddable":true,"href":"https:\/\/cabinetngos.com\/index.php\/wp-json\/wp\/v2\/comments?post=1069"}],"version-history":[{"count":38,"href":"https:\/\/cabinetngos.com\/index.php\/wp-json\/wp\/v2\/pages\/1069\/revisions"}],"predecessor-version":[{"id":1288,"href":"https:\/\/cabinetngos.com\/index.php\/wp-json\/wp\/v2\/pages\/1069\/revisions\/1288"}],"wp:attachment":[{"href":"https:\/\/cabinetngos.com\/index.php\/wp-json\/wp\/v2\/media?parent=1069"}],"curies":[{"name":"wp","href":"https:\/\/api.w.org\/{rel}","templated":true}]}}